{"id":8371,"date":"2023-04-21T17:13:48","date_gmt":"2023-04-21T17:13:48","guid":{"rendered":"https:\/\/ldmalunelis.lt\/?page_id=8371"},"modified":"2024-04-26T12:58:19","modified_gmt":"2024-04-26T10:58:19","slug":"praneseju-apsauga","status":"publish","type":"page","link":"https:\/\/ldmalunelis.lt\/?page_id=8371","title":{"rendered":"PRANE\u0160\u0116J\u0172 APSAUGA"},"content":{"rendered":"\t\t<div data-elementor-type=\"wp-page\" data-elementor-id=\"8371\" class=\"elementor elementor-8371\" data-elementor-post-type=\"page\">\n\t\t\t\t\t\t\t\t\t<section class=\"elementor-section elementor-top-section elementor-element elementor-element-2f2cb92 elementor-section-boxed elementor-section-height-default elementor-section-height-default\" data-id=\"2f2cb92\" data-element_type=\"section\">\n\t\t\t\t\t\t<div class=\"elementor-container elementor-column-gap-default\">\n\t\t\t\t\t<div class=\"elementor-column elementor-col-100 elementor-top-column elementor-element elementor-element-e5b32e2\" data-id=\"e5b32e2\" data-element_type=\"column\">\n\t\t\t<div class=\"elementor-widget-wrap elementor-element-populated\">\n\t\t\t\t\t\t\t\t<section class=\"elementor-section elementor-inner-section elementor-element elementor-element-5409913 elementor-section-boxed elementor-section-height-default elementor-section-height-default\" data-id=\"5409913\" data-element_type=\"section\">\n\t\t\t\t\t\t<div class=\"elementor-container elementor-column-gap-default\">\n\t\t\t\t\t<div class=\"elementor-column elementor-col-100 elementor-inner-column elementor-element elementor-element-0e031b7\" data-id=\"0e031b7\" data-element_type=\"column\">\n\t\t\t<div class=\"elementor-widget-wrap elementor-element-populated\">\n\t\t\t\t\t\t\t\t<div class=\"elementor-element elementor-element-2e56cae elementor-widget elementor-widget-text-editor\" data-id=\"2e56cae\" data-element_type=\"widget\" data-widget_type=\"text-editor.default\">\n\t\t\t\t<div class=\"elementor-widget-container\">\n\t\t\t<style>\/*! elementor - v3.17.0 - 08-11-2023 *\/\n.elementor-widget-text-editor.elementor-drop-cap-view-stacked .elementor-drop-cap{background-color:#69727d;color:#fff}.elementor-widget-text-editor.elementor-drop-cap-view-framed .elementor-drop-cap{color:#69727d;border:3px solid;background-color:transparent}.elementor-widget-text-editor:not(.elementor-drop-cap-view-default) .elementor-drop-cap{margin-top:8px}.elementor-widget-text-editor:not(.elementor-drop-cap-view-default) .elementor-drop-cap-letter{width:1em;height:1em}.elementor-widget-text-editor .elementor-drop-cap{float:left;text-align:center;line-height:1;font-size:50px}.elementor-widget-text-editor .elementor-drop-cap-letter{display:inline-block}<\/style>\t\t\t\t<p class=\"page-last-modified\" data-wahfont=\"16\">Atnaujinta\u00a0<time class=\"page-last-modified-td\">2024-04-02<\/time><\/p><p data-wahfont=\"16\">Informacij\u0105 apie pa\u017eeidimus galite teikti pa\u0161tu su \u017eyma \u201cKOMPETENTINGAM SUBJEKTUI ASMENI\u0160KAI\u201d, el. pa\u0161tu \u2013\u00a0pranesk@ldmalunelis.lt arba asmeni\u0161kai Kauno lop\u0161elio-dar\u017eelio \u201cMal\u016bn\u0117lis\u201d vadovo paskirtam asmeniui \u2013 mokytojai metodininkei Milenai Jura\u0161kienei.<\/p><p data-wahfont=\"16\"><a href=\"https:\/\/ldmalunelis.lt\/wp-content\/uploads\/Informacijos-pagal-LR-prane%C5%A1%C4%97j%C5%B3-apsaugos-%C4%AFstatym%C4%85-teikimo-tvarka.pdf\" target=\"_blank\" rel=\"noopener\" data-wahfont=\"16\">Informacijos pagal LR prane\u0161\u0117j\u0173 apsaugos \u012fstatym\u0105 teikimo tvarka<\/a><\/p><p data-wahfont=\"16\"><a href=\"https:\/\/www.e-tar.lt\/portal\/lt\/legalAct\/2986b360db3611e7910a89ac20768b0f\" target=\"_blank\" rel=\"noopener\" data-wahfont=\"16\">Lietuvos Respublikos prane\u0161\u0117j\u0173 apsaugos \u012fstatymas<\/a><\/p><p data-wahfont=\"16\"><a href=\"https:\/\/www.e-tar.lt\/portal\/lt\/legalAct\/c5d99180ed8a11e88568e724760eeafa\" target=\"_blank\" rel=\"noopener\" data-wahfont=\"16\">Lietuvos Respublikos vyriausyb\u0117s nutarimas \u201cD\u0117l Lietuvos Respublikos prane\u0161\u0117j\u0173 apsaugos \u012fstatymo \u012fgyvendinimo\u201d<\/a><\/p>\t\t\t\t\t\t<\/div>\n\t\t\t\t<\/div>\n\t\t\t\t\t<\/div>\n\t\t<\/div>\n\t\t\t\t\t\t\t<\/div>\n\t\t<\/section>\n\t\t\t\t\t<\/div>\n\t\t<\/div>\n\t\t\t\t\t\t\t<\/div>\n\t\t<\/section>\n\t\t\t\t\t\t\t<\/div>\n\t\t","protected":false},"excerpt":{"rendered":"<p>Atnaujinta\u00a02024-04-02 Informacij\u0105 apie pa\u017eeidimus galite teikti pa\u0161tu su \u017eyma \u201cKOMPETENTINGAM SUBJEKTUI ASMENI\u0160KAI\u201d, el. pa\u0161tu \u2013\u00a0pranesk@ldmalunelis.lt arba asmeni\u0161kai Kauno lop\u0161elio-dar\u017eelio \u201cMal\u016bn\u0117lis\u201d vadovo paskirtam asmeniui \u2013 mokytojai metodininkei Milenai Jura\u0161kienei. Informacijos pagal LR prane\u0161\u0117j\u0173 apsaugos \u012fstatym\u0105 teikimo tvarka Lietuvos Respublikos prane\u0161\u0117j\u0173 apsaugos \u012fstatymas Lietuvos Respublikos vyriausyb\u0117s nutarimas \u201cD\u0117l Lietuvos Respublikos prane\u0161\u0117j\u0173 apsaugos \u012fstatymo \u012fgyvendinimo\u201d<\/p>\n","protected":false},"author":1,"featured_media":0,"parent":0,"menu_order":0,"comment_status":"closed","ping_status":"closed","template":"","meta":{"footnotes":""},"class_list":["post-8371","page","type-page","status-publish","hentry"],"_links":{"self":[{"href":"https:\/\/ldmalunelis.lt\/index.php?rest_route=\/wp\/v2\/pages\/8371","targetHints":{"allow":["GET"]}}],"collection":[{"href":"https:\/\/ldmalunelis.lt\/index.php?rest_route=\/wp\/v2\/pages"}],"about":[{"href":"https:\/\/ldmalunelis.lt\/index.php?rest_route=\/wp\/v2\/types\/page"}],"author":[{"embeddable":true,"href":"https:\/\/ldmalunelis.lt\/index.php?rest_route=\/wp\/v2\/users\/1"}],"replies":[{"embeddable":true,"href":"https:\/\/ldmalunelis.lt\/index.php?rest_route=%2Fwp%2Fv2%2Fcomments&post=8371"}],"version-history":[{"count":14,"href":"https:\/\/ldmalunelis.lt\/index.php?rest_route=\/wp\/v2\/pages\/8371\/revisions"}],"predecessor-version":[{"id":10739,"href":"https:\/\/ldmalunelis.lt\/index.php?rest_route=\/wp\/v2\/pages\/8371\/revisions\/10739"}],"wp:attachment":[{"href":"https:\/\/ldmalunelis.lt\/index.php?rest_route=%2Fwp%2Fv2%2Fmedia&parent=8371"}],"curies":[{"name":"wp","href":"https:\/\/api.w.org\/{rel}","templated":true}]}}