{"id":8366,"date":"2023-04-21T17:13:27","date_gmt":"2023-04-21T17:13:27","guid":{"rendered":"https:\/\/ldmalunelis.lt\/?page_id=8366"},"modified":"2025-07-01T14:09:37","modified_gmt":"2025-07-01T12:09:37","slug":"asmens-duomenu-apsauga","status":"publish","type":"page","link":"https:\/\/ldmalunelis.lt\/?page_id=8366","title":{"rendered":"ASMENS DUOMEN\u0172 APSAUGA"},"content":{"rendered":"\t\t<div data-elementor-type=\"wp-page\" data-elementor-id=\"8366\" class=\"elementor elementor-8366\" data-elementor-post-type=\"page\">\n\t\t\t\t\t\t\t\t\t<section class=\"elementor-section elementor-top-section elementor-element elementor-element-5bfe280 elementor-section-boxed elementor-section-height-default elementor-section-height-default\" data-id=\"5bfe280\" data-element_type=\"section\">\n\t\t\t\t\t\t<div class=\"elementor-container elementor-column-gap-default\">\n\t\t\t\t\t<div class=\"elementor-column elementor-col-100 elementor-top-column elementor-element elementor-element-f94f240\" data-id=\"f94f240\" data-element_type=\"column\">\n\t\t\t<div class=\"elementor-widget-wrap elementor-element-populated\">\n\t\t\t\t\t\t\t\t<section class=\"elementor-section elementor-inner-section elementor-element elementor-element-0d56e75 elementor-section-boxed elementor-section-height-default elementor-section-height-default\" data-id=\"0d56e75\" data-element_type=\"section\">\n\t\t\t\t\t\t<div class=\"elementor-container elementor-column-gap-default\">\n\t\t\t\t\t<div class=\"elementor-column elementor-col-100 elementor-inner-column elementor-element elementor-element-6a38833\" data-id=\"6a38833\" data-element_type=\"column\">\n\t\t\t<div class=\"elementor-widget-wrap elementor-element-populated\">\n\t\t\t\t\t\t\t\t<div class=\"elementor-element elementor-element-5bdf747 elementor-widget elementor-widget-text-editor\" data-id=\"5bdf747\" data-element_type=\"widget\" data-widget_type=\"text-editor.default\">\n\t\t\t\t<div class=\"elementor-widget-container\">\n\t\t\t<style>\/*! elementor - v3.17.0 - 08-11-2023 *\/\n.elementor-widget-text-editor.elementor-drop-cap-view-stacked .elementor-drop-cap{background-color:#69727d;color:#fff}.elementor-widget-text-editor.elementor-drop-cap-view-framed .elementor-drop-cap{color:#69727d;border:3px solid;background-color:transparent}.elementor-widget-text-editor:not(.elementor-drop-cap-view-default) .elementor-drop-cap{margin-top:8px}.elementor-widget-text-editor:not(.elementor-drop-cap-view-default) .elementor-drop-cap-letter{width:1em;height:1em}.elementor-widget-text-editor .elementor-drop-cap{float:left;text-align:center;line-height:1;font-size:50px}.elementor-widget-text-editor .elementor-drop-cap-letter{display:inline-block}<\/style>\t\t\t\t<p data-wahfont=\"16\">Asmens duomen\u0173 tvarkymo taisykl\u0117s <a href=\"https:\/\/ldmalunelis.lt\/wp-content\/uploads\/2024\/04\/AsmensDuomenuTvarkymoTaisykles2018.pdf\" target=\"_blank\" rel=\"noopener\">Per\u017ei\u016br\u0117ti dokument\u0105<\/a><\/p><p data-wahfont=\"16\">Mokini\u0173 ir j\u0173 t\u0117v\u0173 (glob\u0117j\u0173, r\u016bpintoj\u0173) asmens duomen\u0173 tvarkymo taisykl\u0117s <a href=\"https:\/\/ldmalunelis.lt\/wp-content\/uploads\/2024\/04\/MokiniuAsmensDuomenuTvarkymas2018.pdf\" target=\"_blank\" rel=\"noopener\">Per\u017ei\u016br\u0117ti dokument\u0105<\/a><\/p><p data-wahfont=\"16\">Milena Jura\u0161kien\u0117 \u2013 atsakingas Kauno lop\u0161elio-dar\u017eelio \u201cMal\u016bn\u0117lis\u201d darbuotojas u\u017e asmens duomen\u0173 tvarkym\u0105.<\/p><p data-wahfont=\"16\"><a href=\"https:\/\/ldmalunelis.lt\/teises-aktai\/aktualus-dokumentai\/milena.juraskiene@ldmalunelis.lt\" data-wahfont=\"16\">milena.juraskiene@ldmalunelis.lt<\/a><\/p>\t\t\t\t\t\t<\/div>\n\t\t\t\t<\/div>\n\t\t\t\t\t<\/div>\n\t\t<\/div>\n\t\t\t\t\t\t\t<\/div>\n\t\t<\/section>\n\t\t\t\t\t<\/div>\n\t\t<\/div>\n\t\t\t\t\t\t\t<\/div>\n\t\t<\/section>\n\t\t\t\t\t\t\t<\/div>\n\t\t","protected":false},"excerpt":{"rendered":"<p>Asmens duomen\u0173 tvarkymo taisykl\u0117s Per\u017ei\u016br\u0117ti dokument\u0105 Mokini\u0173 ir j\u0173 t\u0117v\u0173 (glob\u0117j\u0173, r\u016bpintoj\u0173) asmens duomen\u0173 tvarkymo taisykl\u0117s Per\u017ei\u016br\u0117ti dokument\u0105 Milena Jura\u0161kien\u0117 \u2013 atsakingas Kauno lop\u0161elio-dar\u017eelio \u201cMal\u016bn\u0117lis\u201d darbuotojas u\u017e asmens duomen\u0173 tvarkym\u0105. milena.juraskiene@ldmalunelis.lt<\/p>\n","protected":false},"author":1,"featured_media":0,"parent":0,"menu_order":0,"comment_status":"closed","ping_status":"closed","template":"","meta":{"footnotes":""},"class_list":["post-8366","page","type-page","status-publish","hentry"],"_links":{"self":[{"href":"https:\/\/ldmalunelis.lt\/index.php?rest_route=\/wp\/v2\/pages\/8366","targetHints":{"allow":["GET"]}}],"collection":[{"href":"https:\/\/ldmalunelis.lt\/index.php?rest_route=\/wp\/v2\/pages"}],"about":[{"href":"https:\/\/ldmalunelis.lt\/index.php?rest_route=\/wp\/v2\/types\/page"}],"author":[{"embeddable":true,"href":"https:\/\/ldmalunelis.lt\/index.php?rest_route=\/wp\/v2\/users\/1"}],"replies":[{"embeddable":true,"href":"https:\/\/ldmalunelis.lt\/index.php?rest_route=%2Fwp%2Fv2%2Fcomments&post=8366"}],"version-history":[{"count":20,"href":"https:\/\/ldmalunelis.lt\/index.php?rest_route=\/wp\/v2\/pages\/8366\/revisions"}],"predecessor-version":[{"id":11736,"href":"https:\/\/ldmalunelis.lt\/index.php?rest_route=\/wp\/v2\/pages\/8366\/revisions\/11736"}],"wp:attachment":[{"href":"https:\/\/ldmalunelis.lt\/index.php?rest_route=%2Fwp%2Fv2%2Fmedia&parent=8366"}],"curies":[{"name":"wp","href":"https:\/\/api.w.org\/{rel}","templated":true}]}}