{"id":8361,"date":"2023-04-21T17:13:06","date_gmt":"2023-04-21T17:13:06","guid":{"rendered":"https:\/\/ldmalunelis.lt\/?page_id=8361"},"modified":"2025-07-01T14:08:20","modified_gmt":"2025-07-01T12:08:20","slug":"korupcijos-prevencija","status":"publish","type":"page","link":"https:\/\/ldmalunelis.lt\/?page_id=8361","title":{"rendered":"KORUPCIJOS PREVENCIJA"},"content":{"rendered":"\t\t<div data-elementor-type=\"wp-page\" data-elementor-id=\"8361\" class=\"elementor elementor-8361\" data-elementor-post-type=\"page\">\n\t\t\t\t\t\t\t\t\t<section class=\"elementor-section elementor-top-section elementor-element elementor-element-66e34c8 elementor-section-boxed elementor-section-height-default elementor-section-height-default\" data-id=\"66e34c8\" data-element_type=\"section\">\n\t\t\t\t\t\t<div class=\"elementor-container elementor-column-gap-default\">\n\t\t\t\t\t<div class=\"elementor-column elementor-col-100 elementor-top-column elementor-element elementor-element-4d10492\" data-id=\"4d10492\" data-element_type=\"column\">\n\t\t\t<div class=\"elementor-widget-wrap elementor-element-populated\">\n\t\t\t\t\t\t\t\t<section class=\"elementor-section elementor-inner-section elementor-element elementor-element-3d3b222 elementor-section-boxed elementor-section-height-default elementor-section-height-default\" data-id=\"3d3b222\" data-element_type=\"section\">\n\t\t\t\t\t\t<div class=\"elementor-container elementor-column-gap-default\">\n\t\t\t\t\t<div class=\"elementor-column elementor-col-100 elementor-inner-column elementor-element elementor-element-b375fd8\" data-id=\"b375fd8\" data-element_type=\"column\">\n\t\t\t<div class=\"elementor-widget-wrap elementor-element-populated\">\n\t\t\t\t\t\t\t\t<div class=\"elementor-element elementor-element-685a53c elementor-widget elementor-widget-text-editor\" data-id=\"685a53c\" data-element_type=\"widget\" data-widget_type=\"text-editor.default\">\n\t\t\t\t<div class=\"elementor-widget-container\">\n\t\t\t<style>\/*! elementor - v3.17.0 - 08-11-2023 *\/\n.elementor-widget-text-editor.elementor-drop-cap-view-stacked .elementor-drop-cap{background-color:#69727d;color:#fff}.elementor-widget-text-editor.elementor-drop-cap-view-framed .elementor-drop-cap{color:#69727d;border:3px solid;background-color:transparent}.elementor-widget-text-editor:not(.elementor-drop-cap-view-default) .elementor-drop-cap{margin-top:8px}.elementor-widget-text-editor:not(.elementor-drop-cap-view-default) .elementor-drop-cap-letter{width:1em;height:1em}.elementor-widget-text-editor .elementor-drop-cap{float:left;text-align:center;line-height:1;font-size:50px}.elementor-widget-text-editor .elementor-drop-cap-letter{display:inline-block}<\/style>\t\t\t\t<p>Kauno lop\u0161elio-dar\u017eelio \u201eMal\u016bn\u0117lis&#8221; korupcijos prevencijos tvarkos apra\u0161as\u00a0<a style=\"background-color: #ffffff;\" href=\"https:\/\/ldmalunelis.lt\/wp-content\/uploads\/2025\/02\/2025-01-02-Nr.-V-9-Korupcijos-prevencijos-tvarka.pdf\" target=\"_blank\" rel=\"noopener\">Per\u017ei\u016br\u0117ti dokument\u0105<\/a><\/p><p>Kauno lop\u0161elio-dar\u017eelio \u201eMal\u016bn\u0117lis&#8221;2025-2027 met\u0173 korupcijos prevencijos programa ir priemoni\u0173 \u012fgyvendinimo planas <a href=\"https:\/\/ldmalunelis.lt\/wp-content\/uploads\/2025\/02\/2025-01-02-Nr.-V-10-Korupcijos-prevencijos-programa-2025-2027.pdf\" target=\"_blank\" rel=\"noopener\">Per\u017ei\u016br\u0117ti dokument\u0105<\/a><\/p><p>Susid\u016brus su korupcinio pob\u016bd\u017eio veikla, informacij\u0105 galima pateikti:<\/p><p>Simonai D\u017eiauk\u0161tienei, Kauno lop\u0161elio-dar\u017eelio \u201eMal\u016bn\u0117lis\u201c direktorei, adresu Kovo 11-osios g. 48, Kaunas, telefonu\u00a0 \u00a0 \u00a0 \u00a0 \u00a0 +370 37 351246 el. pa\u0161tu <a href=\"mailto:malunelis@hotmail.com\">malunelis@hotmail.com<\/a><\/p><p>STT \u201ekar\u0161tosios\u201c linijos (vis\u0105 par\u0105) telefonu (8 5) 266 3333, el. pa\u0161tu <a href=\"mailto:pranesk@stt.lt\">pranesk@stt.lt<\/a>.<\/p><p><a href=\"https:\/\/ldmalunelis.lt\/wp-content\/uploads\/2023\/06\/Korupcijos-atmintine.pdf\" target=\"_blank\" rel=\"noopener\">Korupcijos atmintin\u0117<\/a><\/p><p><a href=\"https:\/\/ldmalunelis.lt\/wp-content\/uploads\/2023\/06\/Pranesimo-korupcijos-forma.pdf\" target=\"_blank\" rel=\"noopener\">Prane\u0161imas apie korupcinio pob\u016bd\u017eio teis\u0117s pa\u017eeidim\u0105<\/a><\/p><p>Aktualios nuorodos<\/p><ul><li><a href=\"https:\/\/www.e-tar.lt\/portal\/lt\/legalActEditions\/TAR.4DBDE27621A2?faces-redirect=true\" target=\"_blank\" rel=\"noopener\">Lietuvos Respublikos korupcijos prevencijos \u012fstatymas<\/a><\/li><li><a href=\"http:\/\/www.kaunas.lt\/korupcijos-prevencija\/\" target=\"_blank\" rel=\"noopener\">Kauno miesto savivaldyb\u0117 (korupcijos prevencija)<\/a><\/li><li><a href=\"https:\/\/www.e-tar.lt\/portal\/lt\/legalAct\/2b958160fdbc11ec8fa7d02a65c371ad\" target=\"_blank\" rel=\"noopener\">2022\u20132033 met\u0173 nacionalin\u0117 darbotvark\u0117 korupcijos prevencijos klausimais<\/a><\/li><\/ul>\t\t\t\t\t\t<\/div>\n\t\t\t\t<\/div>\n\t\t\t\t\t<\/div>\n\t\t<\/div>\n\t\t\t\t\t\t\t<\/div>\n\t\t<\/section>\n\t\t\t\t\t<\/div>\n\t\t<\/div>\n\t\t\t\t\t\t\t<\/div>\n\t\t<\/section>\n\t\t\t\t\t\t\t<\/div>\n\t\t","protected":false},"excerpt":{"rendered":"<p>Kauno lop\u0161elio-dar\u017eelio \u201eMal\u016bn\u0117lis&#8221; korupcijos prevencijos tvarkos apra\u0161as\u00a0Per\u017ei\u016br\u0117ti dokument\u0105 Kauno lop\u0161elio-dar\u017eelio \u201eMal\u016bn\u0117lis&#8221;2025-2027 met\u0173 korupcijos prevencijos programa ir priemoni\u0173 \u012fgyvendinimo planas Per\u017ei\u016br\u0117ti dokument\u0105 Susid\u016brus su korupcinio pob\u016bd\u017eio veikla, informacij\u0105 galima pateikti: Simonai D\u017eiauk\u0161tienei, Kauno lop\u0161elio-dar\u017eelio \u201eMal\u016bn\u0117lis\u201c direktorei, adresu Kovo 11-osios g. 48, Kaunas, telefonu\u00a0 \u00a0 \u00a0 \u00a0 \u00a0 +370 37 351246 el. pa\u0161tu malunelis@hotmail.com STT \u201ekar\u0161tosios\u201c linijos [&hellip;]<\/p>\n","protected":false},"author":1,"featured_media":0,"parent":0,"menu_order":0,"comment_status":"closed","ping_status":"closed","template":"","meta":{"footnotes":""},"class_list":["post-8361","page","type-page","status-publish","hentry"],"_links":{"self":[{"href":"https:\/\/ldmalunelis.lt\/index.php?rest_route=\/wp\/v2\/pages\/8361","targetHints":{"allow":["GET"]}}],"collection":[{"href":"https:\/\/ldmalunelis.lt\/index.php?rest_route=\/wp\/v2\/pages"}],"about":[{"href":"https:\/\/ldmalunelis.lt\/index.php?rest_route=\/wp\/v2\/types\/page"}],"author":[{"embeddable":true,"href":"https:\/\/ldmalunelis.lt\/index.php?rest_route=\/wp\/v2\/users\/1"}],"replies":[{"embeddable":true,"href":"https:\/\/ldmalunelis.lt\/index.php?rest_route=%2Fwp%2Fv2%2Fcomments&post=8361"}],"version-history":[{"count":34,"href":"https:\/\/ldmalunelis.lt\/index.php?rest_route=\/wp\/v2\/pages\/8361\/revisions"}],"predecessor-version":[{"id":11732,"href":"https:\/\/ldmalunelis.lt\/index.php?rest_route=\/wp\/v2\/pages\/8361\/revisions\/11732"}],"wp:attachment":[{"href":"https:\/\/ldmalunelis.lt\/index.php?rest_route=%2Fwp%2Fv2%2Fmedia&parent=8361"}],"curies":[{"name":"wp","href":"https:\/\/api.w.org\/{rel}","templated":true}]}}