{"id":8341,"date":"2023-04-21T17:11:28","date_gmt":"2023-04-21T17:11:28","guid":{"rendered":"https:\/\/ldmalunelis.lt\/?page_id=8341"},"modified":"2025-05-27T08:19:59","modified_gmt":"2025-05-27T06:19:59","slug":"tyrimai-ir-analizes","status":"publish","type":"page","link":"https:\/\/ldmalunelis.lt\/?page_id=8341","title":{"rendered":"Tyrimai ir analiz\u0117s"},"content":{"rendered":"\t\t<div data-elementor-type=\"wp-page\" data-elementor-id=\"8341\" class=\"elementor elementor-8341\" data-elementor-post-type=\"page\">\n\t\t\t\t\t\t\t\t\t<section class=\"elementor-section elementor-top-section elementor-element elementor-element-3fa2646 elementor-section-boxed elementor-section-height-default elementor-section-height-default\" data-id=\"3fa2646\" data-element_type=\"section\">\n\t\t\t\t\t\t<div class=\"elementor-container elementor-column-gap-default\">\n\t\t\t\t\t<div class=\"elementor-column elementor-col-100 elementor-top-column elementor-element elementor-element-608c008\" data-id=\"608c008\" data-element_type=\"column\">\n\t\t\t<div class=\"elementor-widget-wrap elementor-element-populated\">\n\t\t\t\t\t\t\t\t<section class=\"elementor-section elementor-inner-section elementor-element elementor-element-e254997 elementor-section-boxed elementor-section-height-default elementor-section-height-default\" data-id=\"e254997\" data-element_type=\"section\">\n\t\t\t\t\t\t<div class=\"elementor-container elementor-column-gap-default\">\n\t\t\t\t\t<div class=\"elementor-column elementor-col-100 elementor-inner-column elementor-element elementor-element-74e8a5e\" data-id=\"74e8a5e\" data-element_type=\"column\">\n\t\t\t<div class=\"elementor-widget-wrap elementor-element-populated\">\n\t\t\t\t\t\t\t\t<div class=\"elementor-element elementor-element-3f00b95 elementor-widget elementor-widget-text-editor\" data-id=\"3f00b95\" data-element_type=\"widget\" data-widget_type=\"text-editor.default\">\n\t\t\t\t<div class=\"elementor-widget-container\">\n\t\t\t<style>\/*! elementor - v3.17.0 - 08-11-2023 *\/\n.elementor-widget-text-editor.elementor-drop-cap-view-stacked .elementor-drop-cap{background-color:#69727d;color:#fff}.elementor-widget-text-editor.elementor-drop-cap-view-framed .elementor-drop-cap{color:#69727d;border:3px solid;background-color:transparent}.elementor-widget-text-editor:not(.elementor-drop-cap-view-default) .elementor-drop-cap{margin-top:8px}.elementor-widget-text-editor:not(.elementor-drop-cap-view-default) .elementor-drop-cap-letter{width:1em;height:1em}.elementor-widget-text-editor .elementor-drop-cap{float:left;text-align:center;line-height:1;font-size:50px}.elementor-widget-text-editor .elementor-drop-cap-letter{display:inline-block}<\/style>\t\t\t\t<p>T\u0117v\u0173 (glob\u0117j\u0173) apklausos apie ugdymo(si) kokyb\u0119 ir vaik\u0173 savijaut\u0105 lop\u0161elyje-dar\u017eelyje \u201eMal\u016bn\u0117lis&#8221; apklausos rezultatai (2025 m.) <a href=\"https:\/\/ldmalunelis.lt\/wp-content\/uploads\/2025\/05\/Tevu-apklausa-del-ugdymosi-kokybes-ir-vaiku-savijautos-vertinimo.pdf\" target=\"_blank\" rel=\"noopener\">Per\u017ei\u016br\u0117ti <\/a><\/p><p>T\u0117v\u0173 (glob\u0117j\u0173) apklausos apie ugdymo(si) kokyb\u0119 ir vaik\u0173 savijaut\u0105 lop\u0161elyje-dar\u017eelyje \u201eMal\u016bn\u0117lis&#8221; apklausos rezultatai (2024 m.)\u00a0 \u00a0<a href=\"https:\/\/ldmalunelis.lt\/wp-content\/uploads\/2024\/10\/Tevu-apklausa-del-ugdymosi-kokybes-ir-vaiku-savijautos-vertinimo.pdf\" target=\"_blank\" rel=\"noopener\">Per\u017ei\u016br\u0117ti<\/a><\/p>\t\t\t\t\t\t<\/div>\n\t\t\t\t<\/div>\n\t\t\t\t\t<\/div>\n\t\t<\/div>\n\t\t\t\t\t\t\t<\/div>\n\t\t<\/section>\n\t\t\t\t\t<\/div>\n\t\t<\/div>\n\t\t\t\t\t\t\t<\/div>\n\t\t<\/section>\n\t\t\t\t\t\t\t<\/div>\n\t\t","protected":false},"excerpt":{"rendered":"<p>T\u0117v\u0173 (glob\u0117j\u0173) apklausos apie ugdymo(si) kokyb\u0119 ir vaik\u0173 savijaut\u0105 lop\u0161elyje-dar\u017eelyje \u201eMal\u016bn\u0117lis&#8221; apklausos rezultatai (2025 m.) Per\u017ei\u016br\u0117ti T\u0117v\u0173 (glob\u0117j\u0173) apklausos apie ugdymo(si) kokyb\u0119 ir vaik\u0173 savijaut\u0105 lop\u0161elyje-dar\u017eelyje \u201eMal\u016bn\u0117lis&#8221; apklausos rezultatai (2024 m.)\u00a0 \u00a0Per\u017ei\u016br\u0117ti<\/p>\n","protected":false},"author":1,"featured_media":0,"parent":0,"menu_order":0,"comment_status":"closed","ping_status":"closed","template":"","meta":{"footnotes":""},"class_list":["post-8341","page","type-page","status-publish","hentry"],"_links":{"self":[{"href":"https:\/\/ldmalunelis.lt\/index.php?rest_route=\/wp\/v2\/pages\/8341","targetHints":{"allow":["GET"]}}],"collection":[{"href":"https:\/\/ldmalunelis.lt\/index.php?rest_route=\/wp\/v2\/pages"}],"about":[{"href":"https:\/\/ldmalunelis.lt\/index.php?rest_route=\/wp\/v2\/types\/page"}],"author":[{"embeddable":true,"href":"https:\/\/ldmalunelis.lt\/index.php?rest_route=\/wp\/v2\/users\/1"}],"replies":[{"embeddable":true,"href":"https:\/\/ldmalunelis.lt\/index.php?rest_route=%2Fwp%2Fv2%2Fcomments&post=8341"}],"version-history":[{"count":13,"href":"https:\/\/ldmalunelis.lt\/index.php?rest_route=\/wp\/v2\/pages\/8341\/revisions"}],"predecessor-version":[{"id":11652,"href":"https:\/\/ldmalunelis.lt\/index.php?rest_route=\/wp\/v2\/pages\/8341\/revisions\/11652"}],"wp:attachment":[{"href":"https:\/\/ldmalunelis.lt\/index.php?rest_route=%2Fwp%2Fv2%2Fmedia&parent=8341"}],"curies":[{"name":"wp","href":"https:\/\/api.w.org\/{rel}","templated":true}]}}