{"id":8321,"date":"2023-04-21T17:10:00","date_gmt":"2023-04-21T17:10:00","guid":{"rendered":"https:\/\/ldmalunelis.lt\/?page_id=8321"},"modified":"2024-03-08T15:00:31","modified_gmt":"2024-03-08T13:00:31","slug":"parama","status":"publish","type":"page","link":"https:\/\/ldmalunelis.lt\/?page_id=8321","title":{"rendered":"Parama"},"content":{"rendered":"\t\t<div data-elementor-type=\"wp-page\" data-elementor-id=\"8321\" class=\"elementor elementor-8321\" data-elementor-post-type=\"page\">\n\t\t\t\t\t\t\t\t\t<section class=\"elementor-section elementor-top-section elementor-element elementor-element-17061b5 elementor-section-boxed elementor-section-height-default elementor-section-height-default\" data-id=\"17061b5\" data-element_type=\"section\">\n\t\t\t\t\t\t<div class=\"elementor-container elementor-column-gap-default\">\n\t\t\t\t\t<div class=\"elementor-column elementor-col-100 elementor-top-column elementor-element elementor-element-4375283\" data-id=\"4375283\" data-element_type=\"column\">\n\t\t\t<div class=\"elementor-widget-wrap elementor-element-populated\">\n\t\t\t\t\t\t\t\t<section class=\"elementor-section elementor-inner-section elementor-element elementor-element-9401138 elementor-section-boxed elementor-section-height-default elementor-section-height-default\" data-id=\"9401138\" data-element_type=\"section\">\n\t\t\t\t\t\t<div class=\"elementor-container elementor-column-gap-default\">\n\t\t\t\t\t<div class=\"elementor-column elementor-col-100 elementor-inner-column elementor-element elementor-element-f394224\" data-id=\"f394224\" data-element_type=\"column\">\n\t\t\t<div class=\"elementor-widget-wrap elementor-element-populated\">\n\t\t\t\t\t\t\t\t<div class=\"elementor-element elementor-element-e5e2f10 elementor-widget elementor-widget-text-editor\" data-id=\"e5e2f10\" data-element_type=\"widget\" data-widget_type=\"text-editor.default\">\n\t\t\t\t<div class=\"elementor-widget-container\">\n\t\t\t<style>\/*! elementor - v3.17.0 - 08-11-2023 *\/\n.elementor-widget-text-editor.elementor-drop-cap-view-stacked .elementor-drop-cap{background-color:#69727d;color:#fff}.elementor-widget-text-editor.elementor-drop-cap-view-framed .elementor-drop-cap{color:#69727d;border:3px solid;background-color:transparent}.elementor-widget-text-editor:not(.elementor-drop-cap-view-default) .elementor-drop-cap{margin-top:8px}.elementor-widget-text-editor:not(.elementor-drop-cap-view-default) .elementor-drop-cap-letter{width:1em;height:1em}.elementor-widget-text-editor .elementor-drop-cap{float:left;text-align:center;line-height:1;font-size:50px}.elementor-widget-text-editor .elementor-drop-cap-letter{display:inline-block}<\/style>\t\t\t\t<p>Norintys skirti 1,2% gyventoj\u0173 pajam\u0173 mokes\u010dio pra\u0161ymus turi\u00a0 pateikti elektroniniu b\u016bdu per VMI sistem\u0105 iki \u00a0gegu\u017e\u0117s 1 d.<\/p><p><strong>Kaip pildyti pra\u0161ym\u0105 d\u0117l paramos skyrimo?\u00a0<a href=\"https:\/\/www.google.com\/search?q=kaip+skirti+1%2C2+proc&amp;oq=kaip+skirti+1%2C2+proc&amp;gs_lcrp=EgZjaHJvbWUyBggAEEUYOTIHCAEQABiABDIHCAIQABiABDIHCAMQABiABDIHCAQQABiABDIICAUQABgWGB4yCAgGEAAYFhgeMggIBxAAGBYYHjIICAgQABgWGB4yCAgJEAAYFhge0gEIMzg5OWowajeoAgCwAgA&amp;sourceid=chrome&amp;ie=UTF-8#fpstate=ive&amp;vld=cid:d402d061,vid:VVpaY-FFbKk,st:0\" target=\"_blank\" rel=\"noopener\">Per\u017ei\u016br\u0117ti \u010dia<\/a><\/strong><\/p><p><strong>Duomenys, kurie reikalingi pildant pra\u0161ym\u0105: <\/strong><\/p><p>\u012estaigos pavadinimas: Kauno lop\u0161elis-dar\u017eelis \u201eMal\u016bn\u0117lis\u201d<\/p><p>\u012estaigos juridinio asmens kodas:\u00a0191638266<\/p><p>D\u0117kojame, kad pasinaudodami 1,2 % GPM paramos galimybe, param\u0105 skiriate m\u016bs\u0173 dar\u017eeliui.<\/p>\t\t\t\t\t\t<\/div>\n\t\t\t\t<\/div>\n\t\t\t\t\t<\/div>\n\t\t<\/div>\n\t\t\t\t\t\t\t<\/div>\n\t\t<\/section>\n\t\t\t\t\t<\/div>\n\t\t<\/div>\n\t\t\t\t\t\t\t<\/div>\n\t\t<\/section>\n\t\t\t\t\t\t\t<\/div>\n\t\t","protected":false},"excerpt":{"rendered":"<p>Norintys skirti 1,2% gyventoj\u0173 pajam\u0173 mokes\u010dio pra\u0161ymus turi\u00a0 pateikti elektroniniu b\u016bdu per VMI sistem\u0105 iki \u00a0gegu\u017e\u0117s 1 d. Kaip pildyti pra\u0161ym\u0105 d\u0117l paramos skyrimo?\u00a0Per\u017ei\u016br\u0117ti \u010dia Duomenys, kurie reikalingi pildant pra\u0161ym\u0105: \u012estaigos pavadinimas: Kauno lop\u0161elis-dar\u017eelis \u201eMal\u016bn\u0117lis\u201d \u012estaigos juridinio asmens kodas:\u00a0191638266 D\u0117kojame, kad pasinaudodami 1,2 % GPM paramos galimybe, param\u0105 skiriate m\u016bs\u0173 dar\u017eeliui.<\/p>\n","protected":false},"author":1,"featured_media":0,"parent":0,"menu_order":0,"comment_status":"closed","ping_status":"closed","template":"","meta":{"footnotes":""},"class_list":["post-8321","page","type-page","status-publish","hentry"],"_links":{"self":[{"href":"https:\/\/ldmalunelis.lt\/index.php?rest_route=\/wp\/v2\/pages\/8321","targetHints":{"allow":["GET"]}}],"collection":[{"href":"https:\/\/ldmalunelis.lt\/index.php?rest_route=\/wp\/v2\/pages"}],"about":[{"href":"https:\/\/ldmalunelis.lt\/index.php?rest_route=\/wp\/v2\/types\/page"}],"author":[{"embeddable":true,"href":"https:\/\/ldmalunelis.lt\/index.php?rest_route=\/wp\/v2\/users\/1"}],"replies":[{"embeddable":true,"href":"https:\/\/ldmalunelis.lt\/index.php?rest_route=%2Fwp%2Fv2%2Fcomments&post=8321"}],"version-history":[{"count":10,"href":"https:\/\/ldmalunelis.lt\/index.php?rest_route=\/wp\/v2\/pages\/8321\/revisions"}],"predecessor-version":[{"id":10469,"href":"https:\/\/ldmalunelis.lt\/index.php?rest_route=\/wp\/v2\/pages\/8321\/revisions\/10469"}],"wp:attachment":[{"href":"https:\/\/ldmalunelis.lt\/index.php?rest_route=%2Fwp%2Fv2%2Fmedia&parent=8321"}],"curies":[{"name":"wp","href":"https:\/\/api.w.org\/{rel}","templated":true}]}}