{"id":8275,"date":"2023-04-21T17:05:18","date_gmt":"2023-04-21T17:05:18","guid":{"rendered":"https:\/\/ldmalunelis.lt\/?page_id=8275"},"modified":"2025-05-22T11:00:47","modified_gmt":"2025-05-22T09:00:47","slug":"planavimo-dokumentai","status":"publish","type":"page","link":"https:\/\/ldmalunelis.lt\/?page_id=8275","title":{"rendered":"Planavimo dokumentai"},"content":{"rendered":"\t\t<div data-elementor-type=\"wp-page\" data-elementor-id=\"8275\" class=\"elementor elementor-8275\" data-elementor-post-type=\"page\">\n\t\t\t\t\t\t\t\t\t<section class=\"elementor-section elementor-top-section elementor-element elementor-element-13a65c0 elementor-section-boxed elementor-section-height-default elementor-section-height-default\" data-id=\"13a65c0\" data-element_type=\"section\">\n\t\t\t\t\t\t<div class=\"elementor-container elementor-column-gap-default\">\n\t\t\t\t\t<div class=\"elementor-column elementor-col-100 elementor-top-column elementor-element elementor-element-ac7c21a\" data-id=\"ac7c21a\" data-element_type=\"column\">\n\t\t\t<div class=\"elementor-widget-wrap elementor-element-populated\">\n\t\t\t\t\t\t\t\t<section class=\"elementor-section elementor-inner-section elementor-element elementor-element-630c8fb elementor-section-boxed elementor-section-height-default elementor-section-height-default\" data-id=\"630c8fb\" data-element_type=\"section\">\n\t\t\t\t\t\t<div class=\"elementor-container elementor-column-gap-default\">\n\t\t\t\t\t<div class=\"elementor-column elementor-col-100 elementor-inner-column elementor-element elementor-element-7bec396\" data-id=\"7bec396\" data-element_type=\"column\">\n\t\t\t<div class=\"elementor-widget-wrap elementor-element-populated\">\n\t\t\t\t\t\t\t\t<div class=\"elementor-element elementor-element-9760cf1 elementor-widget elementor-widget-text-editor\" data-id=\"9760cf1\" data-element_type=\"widget\" data-widget_type=\"text-editor.default\">\n\t\t\t\t<div class=\"elementor-widget-container\">\n\t\t\t<style>\/*! elementor - v3.17.0 - 08-11-2023 *\/\n.elementor-widget-text-editor.elementor-drop-cap-view-stacked .elementor-drop-cap{background-color:#69727d;color:#fff}.elementor-widget-text-editor.elementor-drop-cap-view-framed .elementor-drop-cap{color:#69727d;border:3px solid;background-color:transparent}.elementor-widget-text-editor:not(.elementor-drop-cap-view-default) .elementor-drop-cap{margin-top:8px}.elementor-widget-text-editor:not(.elementor-drop-cap-view-default) .elementor-drop-cap-letter{width:1em;height:1em}.elementor-widget-text-editor .elementor-drop-cap{float:left;text-align:center;line-height:1;font-size:50px}.elementor-widget-text-editor .elementor-drop-cap-letter{display:inline-block}<\/style>\t\t\t\t<p><strong>Metiniai veiklos planai:<\/strong><\/p><p>Kauno lop\u0161elio-dar\u017eelio \u201eMal\u016bn\u0117lis&#8221; 2025 m. veiklos planas <a href=\"https:\/\/ldmalunelis.lt\/wp-content\/uploads\/2025\/05\/Veiklos-planas-2025.pdf\" target=\"_blank\" rel=\"noopener\">Per\u017ei\u016br\u0117ti dokument\u0105<\/a><\/p><p>Kauno lop\u0161elio-dar\u017eelio \u201eMal\u016bn\u0117lis&#8221; 2024 m. veiklos planas <a href=\"https:\/\/ldmalunelis.lt\/wp-content\/uploads\/2024\/03\/Kauno-lopselio-darzelio-Malunelis-2024-veiklos-planas-.pdf\" target=\"_blank\" rel=\"noopener\">Per\u017ei\u016br\u0117ti dokument\u0105<\/a><\/p><p><strong>Metini\u0173 veiklos plan\u0173 vykdymo ataskaitos:\u00a0<\/strong><\/p><p>Kauno lop\u0161elio-dar\u017eelio \u201eMal\u016bn\u0117lis&#8221; 2024 m. veiklos plano vykdymo ataskaita <a href=\"https:\/\/ldmalunelis.lt\/wp-content\/uploads\/2025\/05\/2024-METU-VEIKLOS-PLANO-VYKDYMO-ATASKAITA.pdf\" target=\"_blank\" rel=\"noopener\">Per\u017ei\u016br\u0117ti dokument\u0105<\/a><\/p><p>Kauno lop\u0161elio-dar\u017eelio \u201eMal\u016bn\u0117lis&#8221; 2023 m. veiklos plano vykdymo ataskaita <a href=\"https:\/\/ldmalunelis.lt\/wp-content\/uploads\/2024\/12\/Malunelis-2023-m.-veiklos-plano-vykdymo-ataskaita.pdf\" target=\"_blank\" rel=\"noopener\">Per\u017ei\u016br\u0117ti dokument\u0105<\/a><\/p><p><strong>Strateginiai planai:<\/strong><\/p><p>Kauno lop\u0161elio-dar\u017eelio \u201eMal\u016bn\u0117lis&#8221; 2025-2027 m. strateginis planas <a href=\"https:\/\/ldmalunelis.lt\/wp-content\/uploads\/2025\/05\/2025-2027-m.-strateginis-veiklos-planas-Malunelis.pdf\" target=\"_blank\" rel=\"noopener\">Per\u017ei\u016br\u0117ti dokument\u0105<\/a><\/p><p>Kauno lop\u0161elio-dar\u017eelio \u201eMal\u016bn\u0117lis&#8221; 2022-2024 m. strateginis planas <a href=\"https:\/\/ldmalunelis.lt\/wp-content\/uploads\/2024\/12\/2022-2024-strateginis-planas.pdf\" target=\"_blank\" rel=\"noopener\">Per\u017ei\u016br\u0117ti dokument\u0105<\/a><\/p>\t\t\t\t\t\t<\/div>\n\t\t\t\t<\/div>\n\t\t\t\t\t<\/div>\n\t\t<\/div>\n\t\t\t\t\t\t\t<\/div>\n\t\t<\/section>\n\t\t\t\t\t<\/div>\n\t\t<\/div>\n\t\t\t\t\t\t\t<\/div>\n\t\t<\/section>\n\t\t\t\t\t\t\t<\/div>\n\t\t","protected":false},"excerpt":{"rendered":"<p>Metiniai veiklos planai: Kauno lop\u0161elio-dar\u017eelio \u201eMal\u016bn\u0117lis&#8221; 2025 m. veiklos planas Per\u017ei\u016br\u0117ti dokument\u0105 Kauno lop\u0161elio-dar\u017eelio \u201eMal\u016bn\u0117lis&#8221; 2024 m. veiklos planas Per\u017ei\u016br\u0117ti dokument\u0105 Metini\u0173 veiklos plan\u0173 vykdymo ataskaitos:\u00a0 Kauno lop\u0161elio-dar\u017eelio \u201eMal\u016bn\u0117lis&#8221; 2024 m. veiklos plano vykdymo ataskaita Per\u017ei\u016br\u0117ti dokument\u0105 Kauno lop\u0161elio-dar\u017eelio \u201eMal\u016bn\u0117lis&#8221; 2023 m. veiklos plano vykdymo ataskaita Per\u017ei\u016br\u0117ti dokument\u0105 Strateginiai planai: Kauno lop\u0161elio-dar\u017eelio \u201eMal\u016bn\u0117lis&#8221; 2025-2027 m. [&hellip;]<\/p>\n","protected":false},"author":1,"featured_media":0,"parent":0,"menu_order":0,"comment_status":"closed","ping_status":"closed","template":"","meta":{"footnotes":""},"class_list":["post-8275","page","type-page","status-publish","hentry"],"_links":{"self":[{"href":"https:\/\/ldmalunelis.lt\/index.php?rest_route=\/wp\/v2\/pages\/8275","targetHints":{"allow":["GET"]}}],"collection":[{"href":"https:\/\/ldmalunelis.lt\/index.php?rest_route=\/wp\/v2\/pages"}],"about":[{"href":"https:\/\/ldmalunelis.lt\/index.php?rest_route=\/wp\/v2\/types\/page"}],"author":[{"embeddable":true,"href":"https:\/\/ldmalunelis.lt\/index.php?rest_route=\/wp\/v2\/users\/1"}],"replies":[{"embeddable":true,"href":"https:\/\/ldmalunelis.lt\/index.php?rest_route=%2Fwp%2Fv2%2Fcomments&post=8275"}],"version-history":[{"count":29,"href":"https:\/\/ldmalunelis.lt\/index.php?rest_route=\/wp\/v2\/pages\/8275\/revisions"}],"predecessor-version":[{"id":11648,"href":"https:\/\/ldmalunelis.lt\/index.php?rest_route=\/wp\/v2\/pages\/8275\/revisions\/11648"}],"wp:attachment":[{"href":"https:\/\/ldmalunelis.lt\/index.php?rest_route=%2Fwp%2Fv2%2Fmedia&parent=8275"}],"curies":[{"name":"wp","href":"https:\/\/api.w.org\/{rel}","templated":true}]}}