{"id":8221,"date":"2023-04-21T16:31:57","date_gmt":"2023-04-21T16:31:57","guid":{"rendered":"https:\/\/ldmalunelis.lt\/?page_id=8221"},"modified":"2025-11-27T11:22:56","modified_gmt":"2025-11-27T09:22:56","slug":"ankstyvasis-ugdymas","status":"publish","type":"page","link":"https:\/\/ldmalunelis.lt\/?page_id=8221","title":{"rendered":"Ankstyvasis ugdymas"},"content":{"rendered":"\t\t<div data-elementor-type=\"wp-page\" data-elementor-id=\"8221\" class=\"elementor elementor-8221\" data-elementor-post-type=\"page\">\n\t\t\t\t\t\t\t\t\t<section class=\"elementor-section elementor-top-section elementor-element elementor-element-b11d4bf elementor-section-boxed elementor-section-height-default elementor-section-height-default\" data-id=\"b11d4bf\" data-element_type=\"section\">\n\t\t\t\t\t\t<div class=\"elementor-container elementor-column-gap-default\">\n\t\t\t\t\t<div class=\"elementor-column elementor-col-50 elementor-top-column elementor-element elementor-element-7379c4e\" data-id=\"7379c4e\" data-element_type=\"column\">\n\t\t\t<div class=\"elementor-widget-wrap elementor-element-populated\">\n\t\t\t\t\t\t\t\t<div class=\"elementor-element elementor-element-ffc5dc7 elementor-widget elementor-widget-text-editor\" data-id=\"ffc5dc7\" data-element_type=\"widget\" data-widget_type=\"text-editor.default\">\n\t\t\t\t<div class=\"elementor-widget-container\">\n\t\t\t<style>\/*! elementor - v3.17.0 - 08-11-2023 *\/\n.elementor-widget-text-editor.elementor-drop-cap-view-stacked .elementor-drop-cap{background-color:#69727d;color:#fff}.elementor-widget-text-editor.elementor-drop-cap-view-framed .elementor-drop-cap{color:#69727d;border:3px solid;background-color:transparent}.elementor-widget-text-editor:not(.elementor-drop-cap-view-default) .elementor-drop-cap{margin-top:8px}.elementor-widget-text-editor:not(.elementor-drop-cap-view-default) .elementor-drop-cap-letter{width:1em;height:1em}.elementor-widget-text-editor .elementor-drop-cap{float:left;text-align:center;line-height:1;font-size:50px}.elementor-widget-text-editor .elementor-drop-cap-letter{display:inline-block}<\/style>\t\t\t\t<p>2025-2026 m.m. \u012fstaigoje veikia penkios ankstyvojo ugdymo grup\u0117s.\u00a0<\/p><p><strong>NAUJIENA! Nuo 2024m. rugs\u0117jo 1d. veikia grup\u0117 k\u016bdikiams iki 1 met\u0173 am\u017eiaus!<\/strong><\/p>\t\t\t\t\t\t<\/div>\n\t\t\t\t<\/div>\n\t\t\t\t\t<\/div>\n\t\t<\/div>\n\t\t\t\t<div class=\"elementor-column elementor-col-50 elementor-top-column elementor-element elementor-element-5e1243a\" data-id=\"5e1243a\" data-element_type=\"column\" data-settings=\"{&quot;background_background&quot;:&quot;classic&quot;}\">\n\t\t\t<div class=\"elementor-widget-wrap elementor-element-populated\">\n\t\t\t\t\t\t\t\t<div class=\"elementor-element elementor-element-cda0e0d elementor-icon-list--layout-traditional elementor-list-item-link-full_width elementor-widget elementor-widget-icon-list\" data-id=\"cda0e0d\" data-element_type=\"widget\" data-widget_type=\"icon-list.default\">\n\t\t\t\t<div class=\"elementor-widget-container\">\n\t\t\t<link rel=\"stylesheet\" href=\"https:\/\/ldmalunelis.lt\/wp-content\/plugins\/elementor\/assets\/css\/widget-icon-list.min.css\">\t\t<ul class=\"elementor-icon-list-items\">\n\t\t\t\t\t\t\t<li class=\"elementor-icon-list-item\">\n\t\t\t\t\t\t\t\t\t\t\t<a href=\"https:\/\/ldmalunelis.lt\/?page_id=37\">\n\n\t\t\t\t\t\t\t\t\t\t\t<span class=\"elementor-icon-list-text\">Prie\u0161mokyklinis ugdymas<\/span>\n\t\t\t\t\t\t\t\t\t\t\t<\/a>\n\t\t\t\t\t\t\t\t\t<\/li>\n\t\t\t\t\t\t\t\t<li class=\"elementor-icon-list-item\">\n\t\t\t\t\t\t\t\t\t\t\t<a href=\"https:\/\/ldmalunelis.lt\/?page_id=7938\">\n\n\t\t\t\t\t\t\t\t\t\t\t<span class=\"elementor-icon-list-text\"> Ikimokyklinis ugdymas <\/span>\n\t\t\t\t\t\t\t\t\t\t\t<\/a>\n\t\t\t\t\t\t\t\t\t<\/li>\n\t\t\t\t\t\t\t\t<li class=\"elementor-icon-list-item\">\n\t\t\t\t\t\t\t\t\t\t\t<a href=\"https:\/\/ldmalunelis.lt\/?page_id=7940\">\n\n\t\t\t\t\t\t\t\t\t\t\t<span class=\"elementor-icon-list-text\"> Nuotolinis ugdymas <\/span>\n\t\t\t\t\t\t\t\t\t\t\t<\/a>\n\t\t\t\t\t\t\t\t\t<\/li>\n\t\t\t\t\t\t\t\t<li class=\"elementor-icon-list-item\">\n\t\t\t\t\t\t\t\t\t\t\t<a href=\"https:\/\/ldmalunelis.lt\/?page_id=7942\">\n\n\t\t\t\t\t\t\t\t\t\t\t<span class=\"elementor-icon-list-text\"> Specialistai <\/span>\n\t\t\t\t\t\t\t\t\t\t\t<\/a>\n\t\t\t\t\t\t\t\t\t<\/li>\n\t\t\t\t\t\t\t\t<li class=\"elementor-icon-list-item\">\n\t\t\t\t\t\t\t\t\t\t\t<a href=\"https:\/\/ldmalunelis.lt\/?page_id=7946\">\n\n\t\t\t\t\t\t\t\t\t\t\t<span class=\"elementor-icon-list-text\"> Projektin\u0117 veikla Ikimokyklinio am\u017eiaus vaik\u0173 ugdymo(si) pasiekim\u0173 vertinimas <\/span>\n\t\t\t\t\t\t\t\t\t\t\t<\/a>\n\t\t\t\t\t\t\t\t\t<\/li>\n\t\t\t\t\t\t\t\t<li class=\"elementor-icon-list-item\">\n\t\t\t\t\t\t\t\t\t\t\t<a href=\"https:\/\/ldmalunelis.lt\/?page_id=7948\">\n\n\t\t\t\t\t\t\t\t\t\t\t<span class=\"elementor-icon-list-text\">Vaik\u0173 brandumo vertinimas<\/span>\n\t\t\t\t\t\t\t\t\t\t\t<\/a>\n\t\t\t\t\t\t\t\t\t<\/li>\n\t\t\t\t\t\t\t\t<li class=\"elementor-icon-list-item\">\n\t\t\t\t\t\t\t\t\t\t\t<a href=\"https:\/\/ldmalunelis.lt\/?page_id=7950\">\n\n\t\t\t\t\t\t\t\t\t\t\t<span class=\"elementor-icon-list-text\">Socialiniai partneriai <\/span>\n\t\t\t\t\t\t\t\t\t\t\t<\/a>\n\t\t\t\t\t\t\t\t\t<\/li>\n\t\t\t\t\t\t\t\t<li class=\"elementor-icon-list-item\">\n\t\t\t\t\t\t\t\t\t\t\t<a href=\"https:\/\/ldmalunelis.lt\/?page_id=7963\">\n\n\t\t\t\t\t\t\t\t\t\t\t<span class=\"elementor-icon-list-text\">Veiklos dokumentai <\/span>\n\t\t\t\t\t\t\t\t\t\t\t<\/a>\n\t\t\t\t\t\t\t\t\t<\/li>\n\t\t\t\t\t\t\t\t<li class=\"elementor-icon-list-item\">\n\t\t\t\t\t\t\t\t\t\t\t<a href=\"https:\/\/ldmalunelis.lt\/?page_id=7952\">\n\n\t\t\t\t\t\t\t\t\t\t\t<span class=\"elementor-icon-list-text\">Tvarkos ir apra\u0161ai<\/span>\n\t\t\t\t\t\t\t\t\t\t\t<\/a>\n\t\t\t\t\t\t\t\t\t<\/li>\n\t\t\t\t\t\t<\/ul>\n\t\t\t\t<\/div>\n\t\t\t\t<\/div>\n\t\t\t\t\t<\/div>\n\t\t<\/div>\n\t\t\t\t\t\t\t<\/div>\n\t\t<\/section>\n\t\t\t\t\t\t\t<\/div>\n\t\t","protected":false},"excerpt":{"rendered":"<p>2025-2026 m.m. \u012fstaigoje veikia penkios ankstyvojo ugdymo grup\u0117s.\u00a0 NAUJIENA! Nuo 2024m. rugs\u0117jo 1d. veikia grup\u0117 k\u016bdikiams iki 1 met\u0173 am\u017eiaus! Prie\u0161mokyklinis ugdymas Ikimokyklinis ugdymas Nuotolinis ugdymas Specialistai Projektin\u0117 veikla Ikimokyklinio am\u017eiaus vaik\u0173 ugdymo(si) pasiekim\u0173 vertinimas Vaik\u0173 brandumo vertinimas Socialiniai partneriai Veiklos dokumentai Tvarkos ir apra\u0161ai<\/p>\n","protected":false},"author":1,"featured_media":0,"parent":0,"menu_order":0,"comment_status":"closed","ping_status":"closed","template":"","meta":{"footnotes":""},"class_list":["post-8221","page","type-page","status-publish","hentry"],"_links":{"self":[{"href":"https:\/\/ldmalunelis.lt\/index.php?rest_route=\/wp\/v2\/pages\/8221","targetHints":{"allow":["GET"]}}],"collection":[{"href":"https:\/\/ldmalunelis.lt\/index.php?rest_route=\/wp\/v2\/pages"}],"about":[{"href":"https:\/\/ldmalunelis.lt\/index.php?rest_route=\/wp\/v2\/types\/page"}],"author":[{"embeddable":true,"href":"https:\/\/ldmalunelis.lt\/index.php?rest_route=\/wp\/v2\/users\/1"}],"replies":[{"embeddable":true,"href":"https:\/\/ldmalunelis.lt\/index.php?rest_route=%2Fwp%2Fv2%2Fcomments&post=8221"}],"version-history":[{"count":22,"href":"https:\/\/ldmalunelis.lt\/index.php?rest_route=\/wp\/v2\/pages\/8221\/revisions"}],"predecessor-version":[{"id":12115,"href":"https:\/\/ldmalunelis.lt\/index.php?rest_route=\/wp\/v2\/pages\/8221\/revisions\/12115"}],"wp:attachment":[{"href":"https:\/\/ldmalunelis.lt\/index.php?rest_route=%2Fwp%2Fv2%2Fmedia&parent=8221"}],"curies":[{"name":"wp","href":"https:\/\/api.w.org\/{rel}","templated":true}]}}