{"id":8025,"date":"2023-04-21T10:03:52","date_gmt":"2023-04-21T10:03:52","guid":{"rendered":"https:\/\/ldmalunelis.lt\/?page_id=8025"},"modified":"2024-04-26T09:53:20","modified_gmt":"2024-04-26T07:53:20","slug":"savivalda","status":"publish","type":"page","link":"https:\/\/ldmalunelis.lt\/?page_id=8025","title":{"rendered":"Savivalda"},"content":{"rendered":"\t\t<div data-elementor-type=\"wp-page\" data-elementor-id=\"8025\" class=\"elementor elementor-8025\" data-elementor-post-type=\"page\">\n\t\t\t\t\t\t\t\t\t<section class=\"elementor-section elementor-top-section elementor-element elementor-element-445e2bb elementor-section-boxed elementor-section-height-default elementor-section-height-default\" data-id=\"445e2bb\" data-element_type=\"section\">\n\t\t\t\t\t\t<div class=\"elementor-container elementor-column-gap-default\">\n\t\t\t\t\t<div class=\"elementor-column elementor-col-50 elementor-top-column elementor-element elementor-element-c78edd9\" data-id=\"c78edd9\" data-element_type=\"column\">\n\t\t\t<div class=\"elementor-widget-wrap elementor-element-populated\">\n\t\t\t\t\t\t\t\t<section class=\"elementor-section elementor-inner-section elementor-element elementor-element-1abd053 elementor-section-boxed elementor-section-height-default elementor-section-height-default\" data-id=\"1abd053\" data-element_type=\"section\">\n\t\t\t\t\t\t<div class=\"elementor-container elementor-column-gap-default\">\n\t\t\t\t\t<div class=\"elementor-column elementor-col-100 elementor-inner-column elementor-element elementor-element-21382df\" data-id=\"21382df\" data-element_type=\"column\">\n\t\t\t<div class=\"elementor-widget-wrap elementor-element-populated\">\n\t\t\t\t\t\t\t\t<div class=\"elementor-element elementor-element-e5d599b elementor-widget__width-initial elementor-widget elementor-widget-text-editor\" data-id=\"e5d599b\" data-element_type=\"widget\" data-widget_type=\"text-editor.default\">\n\t\t\t\t<div class=\"elementor-widget-container\">\n\t\t\t<style>\/*! elementor - v3.17.0 - 08-11-2023 *\/\n.elementor-widget-text-editor.elementor-drop-cap-view-stacked .elementor-drop-cap{background-color:#69727d;color:#fff}.elementor-widget-text-editor.elementor-drop-cap-view-framed .elementor-drop-cap{color:#69727d;border:3px solid;background-color:transparent}.elementor-widget-text-editor:not(.elementor-drop-cap-view-default) .elementor-drop-cap{margin-top:8px}.elementor-widget-text-editor:not(.elementor-drop-cap-view-default) .elementor-drop-cap-letter{width:1em;height:1em}.elementor-widget-text-editor .elementor-drop-cap{float:left;text-align:center;line-height:1;font-size:50px}.elementor-widget-text-editor .elementor-drop-cap-letter{display:inline-block}<\/style>\t\t\t\t<p><strong>Lop\u0161elio-dar\u017eelio taryba\u00a0\u2013 <\/strong>auk\u0161\u010diausia savivaldos institucija, telkianti t\u0117vus (glob\u0117jus) mokytojus, vietos bendruomen\u0119 demokratiniam lop\u0161elio-dar\u017eelio valdymui, padeda spr\u0119sti lop\u0161elio-dar\u017eelio aktualius klausimus, atstovauti lop\u0161elio-dar\u017eelio direktoriui teis\u0117tiems lop\u0161elio-dar\u017eelio interesams.<\/p><p><strong>\u012estaigos tarybos pirminink\u0117 &#8211; mokytoja Giedr\u0117 Babinskien\u0117.<\/strong><\/p><p><strong>Mokytoj\u0173 taryba<\/strong> &#8211; nuolat veikianti lop\u0161elio \u2013 dar\u017eelio savivaldos institucija mokytoj\u0173 profesiniams ir bendriesiems ugdymo klausimams spr\u0119sti. Taryb\u0105 sudaro lop\u0161elio \u2013 dar\u017eelio direktorius, visi dirbantys mokytojai, \u0161vietimo pagalb\u0105 teikiantys specialistai ir kiti tiesiogiai ugdymo procese dalyvaujantys asmenys.<\/p><p>\u00a0<\/p><p>\u00a0<\/p>\t\t\t\t\t\t<\/div>\n\t\t\t\t<\/div>\n\t\t\t\t\t<\/div>\n\t\t<\/div>\n\t\t\t\t\t\t\t<\/div>\n\t\t<\/section>\n\t\t\t\t\t<\/div>\n\t\t<\/div>\n\t\t\t\t<div class=\"elementor-column elementor-col-50 elementor-top-column elementor-element elementor-element-1e68b18\" data-id=\"1e68b18\" data-element_type=\"column\" data-settings=\"{&quot;background_background&quot;:&quot;classic&quot;}\">\n\t\t\t<div class=\"elementor-widget-wrap elementor-element-populated\">\n\t\t\t\t\t\t\t\t<div class=\"elementor-element elementor-element-11d3e84 elementor-icon-list--layout-traditional elementor-list-item-link-full_width elementor-widget elementor-widget-icon-list\" data-id=\"11d3e84\" data-element_type=\"widget\" data-widget_type=\"icon-list.default\">\n\t\t\t\t<div class=\"elementor-widget-container\">\n\t\t\t<link rel=\"stylesheet\" href=\"https:\/\/ldmalunelis.lt\/wp-content\/plugins\/elementor\/assets\/css\/widget-icon-list.min.css\">\t\t<ul class=\"elementor-icon-list-items\">\n\t\t\t\t\t\t\t<li class=\"elementor-icon-list-item\">\n\t\t\t\t\t\t\t\t\t\t\t<a href=\"https:\/\/ldmalunelis.lt\/?page_id=8009\">\n\n\t\t\t\t\t\t\t\t\t\t\t<span class=\"elementor-icon-list-text\">Kontaktai ir darbo laikas <\/span>\n\t\t\t\t\t\t\t\t\t\t\t<\/a>\n\t\t\t\t\t\t\t\t\t<\/li>\n\t\t\t\t\t\t\t\t<li class=\"elementor-icon-list-item\">\n\t\t\t\t\t\t\t\t\t\t\t<a href=\"https:\/\/ldmalunelis.lt\/?page_id=8011\">\n\n\t\t\t\t\t\t\t\t\t\t\t<span class=\"elementor-icon-list-text\">Valdymo schema <\/span>\n\t\t\t\t\t\t\t\t\t\t\t<\/a>\n\t\t\t\t\t\t\t\t\t<\/li>\n\t\t\t\t\t\t\t\t<li class=\"elementor-icon-list-item\">\n\t\t\t\t\t\t\t\t\t\t\t<a href=\"https:\/\/ldmalunelis.lt\/?page_id=8013\">\n\n\t\t\t\t\t\t\t\t\t\t\t<span class=\"elementor-icon-list-text\">Administracija <\/span>\n\t\t\t\t\t\t\t\t\t\t\t<\/a>\n\t\t\t\t\t\t\t\t\t<\/li>\n\t\t\t\t\t\t\t\t<li class=\"elementor-icon-list-item\">\n\t\t\t\t\t\t\t\t\t\t\t<a href=\"https:\/\/ldmalunelis.lt\/?page_id=8021\">\n\n\t\t\t\t\t\t\t\t\t\t\t<span class=\"elementor-icon-list-text\">Laisvos darbo vietos <\/span>\n\t\t\t\t\t\t\t\t\t\t\t<\/a>\n\t\t\t\t\t\t\t\t\t<\/li>\n\t\t\t\t\t\t\t\t<li class=\"elementor-icon-list-item\">\n\t\t\t\t\t\t\t\t\t\t\t<a href=\"https:\/\/ldmalunelis.lt\/?page_id=8023\">\n\n\t\t\t\t\t\t\t\t\t\t\t<span class=\"elementor-icon-list-text\">Vaiko gerov\u0117s komisija <\/span>\n\t\t\t\t\t\t\t\t\t\t\t<\/a>\n\t\t\t\t\t\t\t\t\t<\/li>\n\t\t\t\t\t\t\t\t<li class=\"elementor-icon-list-item\">\n\t\t\t\t\t\t\t\t\t\t\t<a href=\"https:\/\/ldmalunelis.lt\/?page_id=8025\">\n\n\t\t\t\t\t\t\t\t\t\t\t<span class=\"elementor-icon-list-text\">Savivalda<\/span>\n\t\t\t\t\t\t\t\t\t\t\t<\/a>\n\t\t\t\t\t\t\t\t\t<\/li>\n\t\t\t\t\t\t<\/ul>\n\t\t\t\t<\/div>\n\t\t\t\t<\/div>\n\t\t\t\t\t<\/div>\n\t\t<\/div>\n\t\t\t\t\t\t\t<\/div>\n\t\t<\/section>\n\t\t\t\t\t\t\t<\/div>\n\t\t","protected":false},"excerpt":{"rendered":"<p>Lop\u0161elio-dar\u017eelio taryba\u00a0\u2013 auk\u0161\u010diausia savivaldos institucija, telkianti t\u0117vus (glob\u0117jus) mokytojus, vietos bendruomen\u0119 demokratiniam lop\u0161elio-dar\u017eelio valdymui, padeda spr\u0119sti lop\u0161elio-dar\u017eelio aktualius klausimus, atstovauti lop\u0161elio-dar\u017eelio direktoriui teis\u0117tiems lop\u0161elio-dar\u017eelio interesams. \u012estaigos tarybos pirminink\u0117 &#8211; mokytoja Giedr\u0117 Babinskien\u0117. Mokytoj\u0173 taryba &#8211; nuolat veikianti lop\u0161elio \u2013 dar\u017eelio savivaldos institucija mokytoj\u0173 profesiniams ir bendriesiems ugdymo klausimams spr\u0119sti. Taryb\u0105 sudaro lop\u0161elio \u2013 dar\u017eelio direktorius, [&hellip;]<\/p>\n","protected":false},"author":1,"featured_media":0,"parent":0,"menu_order":0,"comment_status":"closed","ping_status":"closed","template":"","meta":{"footnotes":""},"class_list":["post-8025","page","type-page","status-publish","hentry"],"_links":{"self":[{"href":"https:\/\/ldmalunelis.lt\/index.php?rest_route=\/wp\/v2\/pages\/8025","targetHints":{"allow":["GET"]}}],"collection":[{"href":"https:\/\/ldmalunelis.lt\/index.php?rest_route=\/wp\/v2\/pages"}],"about":[{"href":"https:\/\/ldmalunelis.lt\/index.php?rest_route=\/wp\/v2\/types\/page"}],"author":[{"embeddable":true,"href":"https:\/\/ldmalunelis.lt\/index.php?rest_route=\/wp\/v2\/users\/1"}],"replies":[{"embeddable":true,"href":"https:\/\/ldmalunelis.lt\/index.php?rest_route=%2Fwp%2Fv2%2Fcomments&post=8025"}],"version-history":[{"count":28,"href":"https:\/\/ldmalunelis.lt\/index.php?rest_route=\/wp\/v2\/pages\/8025\/revisions"}],"predecessor-version":[{"id":10683,"href":"https:\/\/ldmalunelis.lt\/index.php?rest_route=\/wp\/v2\/pages\/8025\/revisions\/10683"}],"wp:attachment":[{"href":"https:\/\/ldmalunelis.lt\/index.php?rest_route=%2Fwp%2Fv2%2Fmedia&parent=8025"}],"curies":[{"name":"wp","href":"https:\/\/api.w.org\/{rel}","templated":true}]}}