{"id":7984,"date":"2023-04-21T09:55:52","date_gmt":"2023-04-21T09:55:52","guid":{"rendered":"https:\/\/ldmalunelis.lt\/?page_id=7984"},"modified":"2026-01-20T16:12:12","modified_gmt":"2026-01-20T14:12:12","slug":"vaiko-dienos-ritmas","status":"publish","type":"page","link":"https:\/\/ldmalunelis.lt\/?page_id=7984","title":{"rendered":"Vaiko dienos ritmas"},"content":{"rendered":"\t\t<div data-elementor-type=\"wp-page\" data-elementor-id=\"7984\" class=\"elementor elementor-7984\" data-elementor-post-type=\"page\">\n\t\t\t\t\t\t\t\t\t<section class=\"elementor-section elementor-top-section elementor-element elementor-element-404a5a4 elementor-section-boxed elementor-section-height-default elementor-section-height-default\" data-id=\"404a5a4\" data-element_type=\"section\">\n\t\t\t\t\t\t<div class=\"elementor-container elementor-column-gap-default\">\n\t\t\t\t\t<div class=\"elementor-column elementor-col-100 elementor-top-column elementor-element elementor-element-e04d3a2\" data-id=\"e04d3a2\" data-element_type=\"column\">\n\t\t\t<div class=\"elementor-widget-wrap elementor-element-populated\">\n\t\t\t\t\t\t\t\t<section class=\"elementor-section elementor-inner-section elementor-element elementor-element-447893c elementor-section-boxed elementor-section-height-default elementor-section-height-default\" data-id=\"447893c\" data-element_type=\"section\">\n\t\t\t\t\t\t<div class=\"elementor-container elementor-column-gap-default\">\n\t\t\t\t\t<div class=\"elementor-column elementor-col-100 elementor-inner-column elementor-element elementor-element-b091722\" data-id=\"b091722\" data-element_type=\"column\">\n\t\t\t<div class=\"elementor-widget-wrap elementor-element-populated\">\n\t\t\t\t\t\t\t\t<div class=\"elementor-element elementor-element-0a3c31f elementor-widget elementor-widget-text-editor\" data-id=\"0a3c31f\" data-element_type=\"widget\" data-widget_type=\"text-editor.default\">\n\t\t\t\t<div class=\"elementor-widget-container\">\n\t\t\t<style>\/*! elementor - v3.17.0 - 08-11-2023 *\/\n.elementor-widget-text-editor.elementor-drop-cap-view-stacked .elementor-drop-cap{background-color:#69727d;color:#fff}.elementor-widget-text-editor.elementor-drop-cap-view-framed .elementor-drop-cap{color:#69727d;border:3px solid;background-color:transparent}.elementor-widget-text-editor:not(.elementor-drop-cap-view-default) .elementor-drop-cap{margin-top:8px}.elementor-widget-text-editor:not(.elementor-drop-cap-view-default) .elementor-drop-cap-letter{width:1em;height:1em}.elementor-widget-text-editor .elementor-drop-cap{float:left;text-align:center;line-height:1;font-size:50px}.elementor-widget-text-editor .elementor-drop-cap-letter{display:inline-block}<\/style>\t\t\t\t<table><tbody><tr><td><p>7:00 &#8211; 8:00<\/p><\/td><td width=\"527\"><p>Dienos prad\u017eia: \u017eaidimai, pokalbiai su t\u0117vais\u00a0<\/p><\/td><\/tr><tr><td><p>8:00 &#8211; 8:30<\/p><\/td><td width=\"527\"><p>Ryto mank\u0161ta<\/p><\/td><\/tr><tr><td><p>9:00 &#8211; 9:40<\/p><\/td><td width=\"527\"><p>Pusry\u010diai<\/p><\/td><\/tr><tr><td><p>10:00 &#8211; 12:30<\/p><\/td><td width=\"527\"><p>Ugdymas (is) grup\u0117je arba lauke<\/p><\/td><\/tr><tr><td><p>12:30 &#8211; 13:10<\/p><\/td><td width=\"527\"><p>Piet\u016bs<\/p><\/td><\/tr><tr><td><p>13:00 &#8211; 15:00\u00a0<\/p><\/td><td width=\"527\"><p>Poilsio ir ramyb\u0117s laikas<\/p><\/td><\/tr><tr><td><p>16:00 &#8211; 16:40<\/p><\/td><td width=\"527\"><p>Vakarien\u0117<\/p><\/td><\/tr><tr><td><p>16:40 &#8211; 19:00<\/p><\/td><td width=\"527\"><p>Ugdymas (is) grup\u0117je arba lauke<\/p><\/td><\/tr><tr><td>\u00a0<\/td><td width=\"527\"><p>\u00a0<\/p><\/td><\/tr><tr><td>\u00a0<\/td><td width=\"527\"><ul><li><em>dienotvark\u0117 gali b\u016bti koreguojama pagal poreik\u012f.<\/em><\/li><\/ul><\/td><\/tr><\/tbody><\/table>\t\t\t\t\t\t<\/div>\n\t\t\t\t<\/div>\n\t\t\t\t\t<\/div>\n\t\t<\/div>\n\t\t\t\t\t\t\t<\/div>\n\t\t<\/section>\n\t\t\t\t\t<\/div>\n\t\t<\/div>\n\t\t\t\t\t\t\t<\/div>\n\t\t<\/section>\n\t\t\t\t\t\t\t<\/div>\n\t\t","protected":false},"excerpt":{"rendered":"<p>7:00 &#8211; 8:00 Dienos prad\u017eia: \u017eaidimai, pokalbiai su t\u0117vais\u00a0 8:00 &#8211; 8:30 Ryto mank\u0161ta 9:00 &#8211; 9:40 Pusry\u010diai 10:00 &#8211; 12:30 Ugdymas (is) grup\u0117je arba lauke 12:30 &#8211; 13:10 Piet\u016bs 13:00 &#8211; 15:00\u00a0 Poilsio ir ramyb\u0117s laikas 16:00 &#8211; 16:40 Vakarien\u0117 16:40 &#8211; 19:00 Ugdymas (is) grup\u0117je arba lauke \u00a0 \u00a0 \u00a0 dienotvark\u0117 gali b\u016bti [&hellip;]<\/p>\n","protected":false},"author":1,"featured_media":0,"parent":0,"menu_order":0,"comment_status":"closed","ping_status":"closed","template":"","meta":{"footnotes":""},"class_list":["post-7984","page","type-page","status-publish","hentry"],"_links":{"self":[{"href":"https:\/\/ldmalunelis.lt\/index.php?rest_route=\/wp\/v2\/pages\/7984","targetHints":{"allow":["GET"]}}],"collection":[{"href":"https:\/\/ldmalunelis.lt\/index.php?rest_route=\/wp\/v2\/pages"}],"about":[{"href":"https:\/\/ldmalunelis.lt\/index.php?rest_route=\/wp\/v2\/types\/page"}],"author":[{"embeddable":true,"href":"https:\/\/ldmalunelis.lt\/index.php?rest_route=\/wp\/v2\/users\/1"}],"replies":[{"embeddable":true,"href":"https:\/\/ldmalunelis.lt\/index.php?rest_route=%2Fwp%2Fv2%2Fcomments&post=7984"}],"version-history":[{"count":28,"href":"https:\/\/ldmalunelis.lt\/index.php?rest_route=\/wp\/v2\/pages\/7984\/revisions"}],"predecessor-version":[{"id":12338,"href":"https:\/\/ldmalunelis.lt\/index.php?rest_route=\/wp\/v2\/pages\/7984\/revisions\/12338"}],"wp:attachment":[{"href":"https:\/\/ldmalunelis.lt\/index.php?rest_route=%2Fwp%2Fv2%2Fmedia&parent=7984"}],"curies":[{"name":"wp","href":"https:\/\/api.w.org\/{rel}","templated":true}]}}