{"id":7978,"date":"2023-04-21T09:54:56","date_gmt":"2023-04-21T09:54:56","guid":{"rendered":"https:\/\/ldmalunelis.lt\/?page_id=7978"},"modified":"2026-02-18T09:15:01","modified_gmt":"2026-02-18T07:15:01","slug":"valgiarastis","status":"publish","type":"page","link":"https:\/\/ldmalunelis.lt\/?page_id=7978","title":{"rendered":"Valgiara\u0161tis"},"content":{"rendered":"\t\t<div data-elementor-type=\"wp-page\" data-elementor-id=\"7978\" class=\"elementor elementor-7978\" data-elementor-post-type=\"page\">\n\t\t\t\t\t\t\t\t\t<section class=\"elementor-section elementor-top-section elementor-element elementor-element-6d77c9f3 elementor-section-boxed elementor-section-height-default elementor-section-height-default\" data-id=\"6d77c9f3\" data-element_type=\"section\">\n\t\t\t\t\t\t<div class=\"elementor-container elementor-column-gap-default\">\n\t\t\t\t\t<div class=\"elementor-column elementor-col-100 elementor-top-column elementor-element elementor-element-a143bd7\" data-id=\"a143bd7\" data-element_type=\"column\">\n\t\t\t<div class=\"elementor-widget-wrap elementor-element-populated\">\n\t\t\t\t\t\t\t\t<section class=\"elementor-section elementor-inner-section elementor-element elementor-element-8162f87 elementor-section-boxed elementor-section-height-default elementor-section-height-default\" data-id=\"8162f87\" data-element_type=\"section\">\n\t\t\t\t\t\t<div class=\"elementor-container elementor-column-gap-default\">\n\t\t\t\t\t<div class=\"elementor-column elementor-col-50 elementor-inner-column elementor-element elementor-element-f1e980c\" data-id=\"f1e980c\" data-element_type=\"column\">\n\t\t\t<div class=\"elementor-widget-wrap elementor-element-populated\">\n\t\t\t\t\t\t\t\t<div class=\"elementor-element elementor-element-8ed14ff elementor-widget elementor-widget-text-editor\" data-id=\"8ed14ff\" data-element_type=\"widget\" data-widget_type=\"text-editor.default\">\n\t\t\t\t<div class=\"elementor-widget-container\">\n\t\t\t<style>\/*! elementor - v3.17.0 - 08-11-2023 *\/\n.elementor-widget-text-editor.elementor-drop-cap-view-stacked .elementor-drop-cap{background-color:#69727d;color:#fff}.elementor-widget-text-editor.elementor-drop-cap-view-framed .elementor-drop-cap{color:#69727d;border:3px solid;background-color:transparent}.elementor-widget-text-editor:not(.elementor-drop-cap-view-default) .elementor-drop-cap{margin-top:8px}.elementor-widget-text-editor:not(.elementor-drop-cap-view-default) .elementor-drop-cap-letter{width:1em;height:1em}.elementor-widget-text-editor .elementor-drop-cap{float:left;text-align:center;line-height:1;font-size:50px}.elementor-widget-text-editor .elementor-drop-cap-letter{display:inline-block}<\/style>\t\t\t\t<p>15 dien\u0173 valgiara\u0161tis 1-3 met\u0173 vaikams<\/p>\t\t\t\t\t\t<\/div>\n\t\t\t\t<\/div>\n\t\t\t\t\t<\/div>\n\t\t<\/div>\n\t\t\t\t<div class=\"elementor-column elementor-col-50 elementor-inner-column elementor-element elementor-element-03eb30f\" data-id=\"03eb30f\" data-element_type=\"column\">\n\t\t\t<div class=\"elementor-widget-wrap elementor-element-populated\">\n\t\t\t\t\t\t\t\t<div class=\"elementor-element elementor-element-f36a36f elementor-widget elementor-widget-text-editor\" data-id=\"f36a36f\" data-element_type=\"widget\" data-widget_type=\"text-editor.default\">\n\t\t\t\t<div class=\"elementor-widget-container\">\n\t\t\t\t\t\t\t<p><em><a href=\"https:\/\/ldmalunelis.lt\/wp-content\/uploads\/2026\/01\/1-3-metu.pdf\" target=\"_blank\" rel=\"noopener\">Per\u017ei\u016br\u0117ti dokument\u0105<\/a><\/em><\/p>\t\t\t\t\t\t<\/div>\n\t\t\t\t<\/div>\n\t\t\t\t\t<\/div>\n\t\t<\/div>\n\t\t\t\t\t\t\t<\/div>\n\t\t<\/section>\n\t\t\t\t<section class=\"elementor-section elementor-inner-section elementor-element elementor-element-901f718 elementor-section-boxed elementor-section-height-default elementor-section-height-default\" data-id=\"901f718\" data-element_type=\"section\">\n\t\t\t\t\t\t<div class=\"elementor-container elementor-column-gap-default\">\n\t\t\t\t\t<div class=\"elementor-column elementor-col-50 elementor-inner-column elementor-element elementor-element-2193368e\" data-id=\"2193368e\" data-element_type=\"column\">\n\t\t\t<div class=\"elementor-widget-wrap elementor-element-populated\">\n\t\t\t\t\t\t\t\t<div class=\"elementor-element elementor-element-3cad6269 elementor-widget elementor-widget-text-editor\" data-id=\"3cad6269\" data-element_type=\"widget\" data-widget_type=\"text-editor.default\">\n\t\t\t\t<div class=\"elementor-widget-container\">\n\t\t\t\t\t\t\t<p>15 dien\u0173 valgiara\u0161tis 4-7 met\u0173 vaikams<\/p>\t\t\t\t\t\t<\/div>\n\t\t\t\t<\/div>\n\t\t\t\t\t<\/div>\n\t\t<\/div>\n\t\t\t\t<div class=\"elementor-column elementor-col-50 elementor-inner-column elementor-element elementor-element-1817efde\" data-id=\"1817efde\" data-element_type=\"column\">\n\t\t\t<div class=\"elementor-widget-wrap elementor-element-populated\">\n\t\t\t\t\t\t\t\t<div class=\"elementor-element elementor-element-27010938 elementor-widget elementor-widget-text-editor\" data-id=\"27010938\" data-element_type=\"widget\" data-widget_type=\"text-editor.default\">\n\t\t\t\t<div class=\"elementor-widget-container\">\n\t\t\t\t\t\t\t<p><em><a href=\"https:\/\/ldmalunelis.lt\/wp-content\/uploads\/2026\/01\/4-7-m.pdf\" target=\"_blank\" rel=\"noopener\">Per\u017ei\u016br\u0117ti dokument\u0105<\/a><\/em><\/p>\t\t\t\t\t\t<\/div>\n\t\t\t\t<\/div>\n\t\t\t\t\t<\/div>\n\t\t<\/div>\n\t\t\t\t\t\t\t<\/div>\n\t\t<\/section>\n\t\t\t\t<section class=\"elementor-section elementor-inner-section elementor-element elementor-element-96c8170 elementor-section-boxed elementor-section-height-default elementor-section-height-default\" data-id=\"96c8170\" data-element_type=\"section\">\n\t\t\t\t\t\t<div class=\"elementor-container elementor-column-gap-default\">\n\t\t\t\t\t<div class=\"elementor-column elementor-col-50 elementor-inner-column elementor-element elementor-element-9f93bc8\" data-id=\"9f93bc8\" data-element_type=\"column\">\n\t\t\t<div class=\"elementor-widget-wrap elementor-element-populated\">\n\t\t\t\t\t\t\t\t<div class=\"elementor-element elementor-element-44c5389 elementor-widget elementor-widget-text-editor\" data-id=\"44c5389\" data-element_type=\"widget\" data-widget_type=\"text-editor.default\">\n\t\t\t\t<div class=\"elementor-widget-container\">\n\t\t\t\t\t\t\t<p>15 dien\u0173 valgiara\u0161tis prie\u0161mokyklinio ugdymo vaikams<\/p>\t\t\t\t\t\t<\/div>\n\t\t\t\t<\/div>\n\t\t\t\t\t<\/div>\n\t\t<\/div>\n\t\t\t\t<div class=\"elementor-column elementor-col-50 elementor-inner-column elementor-element elementor-element-011aebb\" data-id=\"011aebb\" data-element_type=\"column\">\n\t\t\t<div class=\"elementor-widget-wrap elementor-element-populated\">\n\t\t\t\t\t\t\t\t<div class=\"elementor-element elementor-element-db5cc93 elementor-widget elementor-widget-text-editor\" data-id=\"db5cc93\" data-element_type=\"widget\" data-widget_type=\"text-editor.default\">\n\t\t\t\t<div class=\"elementor-widget-container\">\n\t\t\t\t\t\t\t<p><em><a href=\"https:\/\/ldmalunelis.lt\/wp-content\/uploads\/2026\/02\/Priesmokyklinukai.pdf\" target=\"_blank\" rel=\"noopener\">Per\u017ei\u016br\u0117ti dokument\u0105<\/a><\/em><\/p>\t\t\t\t\t\t<\/div>\n\t\t\t\t<\/div>\n\t\t\t\t\t<\/div>\n\t\t<\/div>\n\t\t\t\t\t\t\t<\/div>\n\t\t<\/section>\n\t\t\t\t\t<\/div>\n\t\t<\/div>\n\t\t\t\t\t\t\t<\/div>\n\t\t<\/section>\n\t\t\t\t\t\t\t<\/div>\n\t\t","protected":false},"excerpt":{"rendered":"<p>15 dien\u0173 valgiara\u0161tis 1-3 met\u0173 vaikams Per\u017ei\u016br\u0117ti dokument\u0105 15 dien\u0173 valgiara\u0161tis 4-7 met\u0173 vaikams Per\u017ei\u016br\u0117ti dokument\u0105 15 dien\u0173 valgiara\u0161tis prie\u0161mokyklinio ugdymo vaikams Per\u017ei\u016br\u0117ti dokument\u0105<\/p>\n","protected":false},"author":1,"featured_media":0,"parent":0,"menu_order":0,"comment_status":"closed","ping_status":"closed","template":"","meta":{"footnotes":""},"class_list":["post-7978","page","type-page","status-publish","hentry"],"_links":{"self":[{"href":"https:\/\/ldmalunelis.lt\/index.php?rest_route=\/wp\/v2\/pages\/7978","targetHints":{"allow":["GET"]}}],"collection":[{"href":"https:\/\/ldmalunelis.lt\/index.php?rest_route=\/wp\/v2\/pages"}],"about":[{"href":"https:\/\/ldmalunelis.lt\/index.php?rest_route=\/wp\/v2\/types\/page"}],"author":[{"embeddable":true,"href":"https:\/\/ldmalunelis.lt\/index.php?rest_route=\/wp\/v2\/users\/1"}],"replies":[{"embeddable":true,"href":"https:\/\/ldmalunelis.lt\/index.php?rest_route=%2Fwp%2Fv2%2Fcomments&post=7978"}],"version-history":[{"count":64,"href":"https:\/\/ldmalunelis.lt\/index.php?rest_route=\/wp\/v2\/pages\/7978\/revisions"}],"predecessor-version":[{"id":12447,"href":"https:\/\/ldmalunelis.lt\/index.php?rest_route=\/wp\/v2\/pages\/7978\/revisions\/12447"}],"wp:attachment":[{"href":"https:\/\/ldmalunelis.lt\/index.php?rest_route=%2Fwp%2Fv2%2Fmedia&parent=7978"}],"curies":[{"name":"wp","href":"https:\/\/api.w.org\/{rel}","templated":true}]}}