{"id":7976,"date":"2023-04-21T09:54:44","date_gmt":"2023-04-21T09:54:44","guid":{"rendered":"https:\/\/ldmalunelis.lt\/?page_id=7976"},"modified":"2026-01-30T08:10:11","modified_gmt":"2026-01-30T06:10:11","slug":"maitinimo-organizavimo-tvarka","status":"publish","type":"page","link":"https:\/\/ldmalunelis.lt\/?page_id=7976","title":{"rendered":"Maitinimo organizavimo tvarka"},"content":{"rendered":"\t\t<div data-elementor-type=\"wp-page\" data-elementor-id=\"7976\" class=\"elementor elementor-7976\" data-elementor-post-type=\"page\">\n\t\t\t\t\t\t\t\t\t<section class=\"elementor-section elementor-top-section elementor-element elementor-element-4d2356e elementor-section-boxed elementor-section-height-default elementor-section-height-default\" data-id=\"4d2356e\" data-element_type=\"section\">\n\t\t\t\t\t\t<div class=\"elementor-container elementor-column-gap-default\">\n\t\t\t\t\t<div class=\"elementor-column elementor-col-100 elementor-top-column elementor-element elementor-element-4fd5fc5\" data-id=\"4fd5fc5\" data-element_type=\"column\">\n\t\t\t<div class=\"elementor-widget-wrap elementor-element-populated\">\n\t\t\t\t\t\t\t\t<section class=\"elementor-section elementor-inner-section elementor-element elementor-element-b3e4736 elementor-section-boxed elementor-section-height-default elementor-section-height-default\" data-id=\"b3e4736\" data-element_type=\"section\">\n\t\t\t\t\t\t<div class=\"elementor-container elementor-column-gap-default\">\n\t\t\t\t\t<div class=\"elementor-column elementor-col-100 elementor-inner-column elementor-element elementor-element-971524d\" data-id=\"971524d\" data-element_type=\"column\">\n\t\t\t<div class=\"elementor-widget-wrap elementor-element-populated\">\n\t\t\t\t\t\t\t\t<div class=\"elementor-element elementor-element-0e83165 elementor-widget elementor-widget-text-editor\" data-id=\"0e83165\" data-element_type=\"widget\" data-widget_type=\"text-editor.default\">\n\t\t\t\t<div class=\"elementor-widget-container\">\n\t\t\t<style>\/*! elementor - v3.17.0 - 08-11-2023 *\/\n.elementor-widget-text-editor.elementor-drop-cap-view-stacked .elementor-drop-cap{background-color:#69727d;color:#fff}.elementor-widget-text-editor.elementor-drop-cap-view-framed .elementor-drop-cap{color:#69727d;border:3px solid;background-color:transparent}.elementor-widget-text-editor:not(.elementor-drop-cap-view-default) .elementor-drop-cap{margin-top:8px}.elementor-widget-text-editor:not(.elementor-drop-cap-view-default) .elementor-drop-cap-letter{width:1em;height:1em}.elementor-widget-text-editor .elementor-drop-cap{float:left;text-align:center;line-height:1;font-size:50px}.elementor-widget-text-editor .elementor-drop-cap-letter{display:inline-block}<\/style>\t\t\t\t<p>Vaik\u0173 maitinimo organizavimo tvarkos apra\u0161as, patvirtintas LR sveikatos apsaugos ministro <a href=\"https:\/\/www.e-tar.lt\/portal\/lt\/legalAct\/TAR.3B14F18E2B3C\/asr\" target=\"_blank\" rel=\"noopener\">Per\u017ei\u016br\u0117ti dokument\u0105<\/a><\/p><p>\u201eVaik\u0173 maitinimo organizavimo, vykdymo ir prie\u017ei\u016bros Kauno miesto savivaldyb\u0117s \u012fstaigose, vykdan\u010diose ikimokyklinio ir prie\u0161mokyklinio ugdymo programas, tvarkos apra\u0161as&#8221;, patvirtintas Kauno miesto savivaldyb\u0117s tarybos\u00a0\u00a0<a href=\"https:\/\/ldmalunelis.lt\/wp-content\/uploads\/2023\/10\/Tarybos-sprendimas-ir-tvarkos-aprasas-2023-07-18.pdf\" target=\"_blank\" rel=\"noopener\">Per\u017ei\u016br\u0117ti dokument\u0105<\/a><\/p><p>Kauno lop\u0161elio-dar\u017eelio \u201eMal\u016bn\u0117lis&#8221; vaik\u0173 maitinimo organizavimo tvarkos apra\u0161as <a href=\"https:\/\/ldmalunelis.lt\/wp-content\/uploads\/2023\/10\/VAIKU-MAITINIMO-ORGANIZAVIMO-KAUNO-LOPSELYJE-DARZELYJE-\u201eMALUNELIS-TVARKOS-APRASAS-word.pdf\" target=\"_blank\" rel=\"noopener\">Per\u017ei\u016br\u0117ti dokument\u0105<\/a><\/p><p>Kauno miesto savivaldyb\u0117s tarybos sprendimas d\u0117l socialin\u0117s paramos vaikams skyrimo ir teikimo\u00a0<a href=\"https:\/\/www.e-tar.lt\/portal\/lt\/legalAct\/bec228b0928211e9ae2e9d61b1f977b3\/asr\" target=\"_blank\" rel=\"noopener\">Per\u017ei\u016br\u0117ti dokument\u0105<\/a><\/p><p>Kauno miesto savivaldyb\u0117s administracijos direktoriaus \u012fsakymas d\u0117l nemokamam maitinimui skiriam\u0173 l\u0117\u0161\u0173 dyd\u017eio nustatymo <a href=\"https:\/\/ldmalunelis.lt\/wp-content\/uploads\/2026\/01\/ISAK_nemok_maitinimo-kainos_keitimas.pdf\" target=\"_blank\" rel=\"noopener\">Per\u017ei\u016br\u0117ti dokument\u0105<\/a><\/p><p>Lop\u0161elis \u2013 dar\u017eelis \u201eMal\u016bn\u0117lis\u201c dalyvauja Vaisi\u0173 ir dar\u017eovi\u0173 bei pieno ir pieno produkt\u0173 vartojimo skatinimo vaik\u0173 ugdymo \u012fstaigose programoje,\u00a0finansuojamose Europos S\u0105jungos ir Lietuvos Respublikos valstyb\u0117s biud\u017eeto l\u0117\u0161omis.<\/p>\t\t\t\t\t\t<\/div>\n\t\t\t\t<\/div>\n\t\t\t\t\t<\/div>\n\t\t<\/div>\n\t\t\t\t\t\t\t<\/div>\n\t\t<\/section>\n\t\t\t\t\t<\/div>\n\t\t<\/div>\n\t\t\t\t\t\t\t<\/div>\n\t\t<\/section>\n\t\t\t\t\t\t\t<\/div>\n\t\t","protected":false},"excerpt":{"rendered":"<p>Vaik\u0173 maitinimo organizavimo tvarkos apra\u0161as, patvirtintas LR sveikatos apsaugos ministro Per\u017ei\u016br\u0117ti dokument\u0105 \u201eVaik\u0173 maitinimo organizavimo, vykdymo ir prie\u017ei\u016bros Kauno miesto savivaldyb\u0117s \u012fstaigose, vykdan\u010diose ikimokyklinio ir prie\u0161mokyklinio ugdymo programas, tvarkos apra\u0161as&#8221;, patvirtintas Kauno miesto savivaldyb\u0117s tarybos\u00a0\u00a0Per\u017ei\u016br\u0117ti dokument\u0105 Kauno lop\u0161elio-dar\u017eelio \u201eMal\u016bn\u0117lis&#8221; vaik\u0173 maitinimo organizavimo tvarkos apra\u0161as Per\u017ei\u016br\u0117ti dokument\u0105 Kauno miesto savivaldyb\u0117s tarybos sprendimas d\u0117l socialin\u0117s paramos vaikams [&hellip;]<\/p>\n","protected":false},"author":1,"featured_media":0,"parent":0,"menu_order":0,"comment_status":"closed","ping_status":"closed","template":"","meta":{"footnotes":""},"class_list":["post-7976","page","type-page","status-publish","hentry"],"_links":{"self":[{"href":"https:\/\/ldmalunelis.lt\/index.php?rest_route=\/wp\/v2\/pages\/7976","targetHints":{"allow":["GET"]}}],"collection":[{"href":"https:\/\/ldmalunelis.lt\/index.php?rest_route=\/wp\/v2\/pages"}],"about":[{"href":"https:\/\/ldmalunelis.lt\/index.php?rest_route=\/wp\/v2\/types\/page"}],"author":[{"embeddable":true,"href":"https:\/\/ldmalunelis.lt\/index.php?rest_route=\/wp\/v2\/users\/1"}],"replies":[{"embeddable":true,"href":"https:\/\/ldmalunelis.lt\/index.php?rest_route=%2Fwp%2Fv2%2Fcomments&post=7976"}],"version-history":[{"count":40,"href":"https:\/\/ldmalunelis.lt\/index.php?rest_route=\/wp\/v2\/pages\/7976\/revisions"}],"predecessor-version":[{"id":12370,"href":"https:\/\/ldmalunelis.lt\/index.php?rest_route=\/wp\/v2\/pages\/7976\/revisions\/12370"}],"wp:attachment":[{"href":"https:\/\/ldmalunelis.lt\/index.php?rest_route=%2Fwp%2Fv2%2Fmedia&parent=7976"}],"curies":[{"name":"wp","href":"https:\/\/api.w.org\/{rel}","templated":true}]}}