{"id":7968,"date":"2023-04-21T09:53:38","date_gmt":"2023-04-21T09:53:38","guid":{"rendered":"https:\/\/ldmalunelis.lt\/?page_id=7968"},"modified":"2023-10-27T17:38:56","modified_gmt":"2023-10-27T17:38:56","slug":"mokescio-tvarka","status":"publish","type":"page","link":"https:\/\/ldmalunelis.lt\/?page_id=7968","title":{"rendered":"Mokes\u010dio tvarka"},"content":{"rendered":"\t\t<div data-elementor-type=\"wp-page\" data-elementor-id=\"7968\" class=\"elementor elementor-7968\" data-elementor-post-type=\"page\">\n\t\t\t\t\t\t\t\t\t<section class=\"elementor-section elementor-top-section elementor-element elementor-element-9972ff5 elementor-section-boxed elementor-section-height-default elementor-section-height-default\" data-id=\"9972ff5\" data-element_type=\"section\">\n\t\t\t\t\t\t<div class=\"elementor-container elementor-column-gap-default\">\n\t\t\t\t\t<div class=\"elementor-column elementor-col-100 elementor-top-column elementor-element elementor-element-b25be11\" data-id=\"b25be11\" data-element_type=\"column\">\n\t\t\t<div class=\"elementor-widget-wrap elementor-element-populated\">\n\t\t\t\t\t\t\t\t<section class=\"elementor-section elementor-inner-section elementor-element elementor-element-ba36fb2 elementor-section-boxed elementor-section-height-default elementor-section-height-default\" data-id=\"ba36fb2\" data-element_type=\"section\">\n\t\t\t\t\t\t<div class=\"elementor-container elementor-column-gap-default\">\n\t\t\t\t\t<div class=\"elementor-column elementor-col-100 elementor-inner-column elementor-element elementor-element-37f95c7\" data-id=\"37f95c7\" data-element_type=\"column\">\n\t\t\t<div class=\"elementor-widget-wrap elementor-element-populated\">\n\t\t\t\t\t\t\t\t<div class=\"elementor-element elementor-element-3044557 elementor-widget__width-initial elementor-widget elementor-widget-text-editor\" data-id=\"3044557\" data-element_type=\"widget\" data-widget_type=\"text-editor.default\">\n\t\t\t\t<div class=\"elementor-widget-container\">\n\t\t\t<style>\/*! elementor - v3.17.0 - 08-11-2023 *\/\n.elementor-widget-text-editor.elementor-drop-cap-view-stacked .elementor-drop-cap{background-color:#69727d;color:#fff}.elementor-widget-text-editor.elementor-drop-cap-view-framed .elementor-drop-cap{color:#69727d;border:3px solid;background-color:transparent}.elementor-widget-text-editor:not(.elementor-drop-cap-view-default) .elementor-drop-cap{margin-top:8px}.elementor-widget-text-editor:not(.elementor-drop-cap-view-default) .elementor-drop-cap-letter{width:1em;height:1em}.elementor-widget-text-editor .elementor-drop-cap{float:left;text-align:center;line-height:1;font-size:50px}.elementor-widget-text-editor .elementor-drop-cap-letter{display:inline-block}<\/style>\t\t\t\t<p><span lang=\"LT\">Atlyginimo u\u017e vaik\u0173, ugdom\u0173 pagal ikimokyklinio ir (ar) prie\u0161mokyklinio ugdymo programas, i\u0161laikym\u0105 dyd\u017eio nustatymo ir mok\u0117jimo tvarkos apra\u0161as, galiojantis nuo 2023 m. rugs\u0117jo 1 d.\u00a0\u00a0<a href=\"https:\/\/www.e-tar.lt\/portal\/lt\/legalAct\/99d5ab10efef11e99681cd81dcdca52c\/asr\" target=\"_blank\" rel=\"noopener\">Per\u017ei\u016br\u0117ti dokument\u0105<\/a><\/span><\/p><p>Kauno miesto savivaldyb\u0117s tarybos sprendimas d\u0117l maitinimo paslaug\u0173 teikimo ikimokyklin\u0117se ir prie\u0161mokyklin\u0117se grup\u0117se, galiojantis nuo 2023 n. rugs\u0117jo 1 d.\u00a0<a href=\"https:\/\/e-seimas.lrs.lt\/portal\/legalAct\/lt\/TAD\/b3a793b2cc5211ea8f4ce1816a470b26\/asr\" target=\"_blank\" rel=\"noopener\">Per\u017ei\u016br\u0117ti dokument\u0105<\/a><\/p>\t\t\t\t\t\t<\/div>\n\t\t\t\t<\/div>\n\t\t\t\t\t<\/div>\n\t\t<\/div>\n\t\t\t\t\t\t\t<\/div>\n\t\t<\/section>\n\t\t\t\t\t<\/div>\n\t\t<\/div>\n\t\t\t\t\t\t\t<\/div>\n\t\t<\/section>\n\t\t\t\t\t\t\t<\/div>\n\t\t","protected":false},"excerpt":{"rendered":"<p>Atlyginimo u\u017e vaik\u0173, ugdom\u0173 pagal ikimokyklinio ir (ar) prie\u0161mokyklinio ugdymo programas, i\u0161laikym\u0105 dyd\u017eio nustatymo ir mok\u0117jimo tvarkos apra\u0161as, galiojantis nuo 2023 m. rugs\u0117jo 1 d.\u00a0\u00a0Per\u017ei\u016br\u0117ti dokument\u0105 Kauno miesto savivaldyb\u0117s tarybos sprendimas d\u0117l maitinimo paslaug\u0173 teikimo ikimokyklin\u0117se ir prie\u0161mokyklin\u0117se grup\u0117se, galiojantis nuo 2023 n. rugs\u0117jo 1 d.\u00a0Per\u017ei\u016br\u0117ti dokument\u0105<\/p>\n","protected":false},"author":1,"featured_media":0,"parent":0,"menu_order":0,"comment_status":"closed","ping_status":"closed","template":"","meta":{"footnotes":""},"class_list":["post-7968","page","type-page","status-publish","hentry"],"_links":{"self":[{"href":"https:\/\/ldmalunelis.lt\/index.php?rest_route=\/wp\/v2\/pages\/7968","targetHints":{"allow":["GET"]}}],"collection":[{"href":"https:\/\/ldmalunelis.lt\/index.php?rest_route=\/wp\/v2\/pages"}],"about":[{"href":"https:\/\/ldmalunelis.lt\/index.php?rest_route=\/wp\/v2\/types\/page"}],"author":[{"embeddable":true,"href":"https:\/\/ldmalunelis.lt\/index.php?rest_route=\/wp\/v2\/users\/1"}],"replies":[{"embeddable":true,"href":"https:\/\/ldmalunelis.lt\/index.php?rest_route=%2Fwp%2Fv2%2Fcomments&post=7968"}],"version-history":[{"count":10,"href":"https:\/\/ldmalunelis.lt\/index.php?rest_route=\/wp\/v2\/pages\/7968\/revisions"}],"predecessor-version":[{"id":10108,"href":"https:\/\/ldmalunelis.lt\/index.php?rest_route=\/wp\/v2\/pages\/7968\/revisions\/10108"}],"wp:attachment":[{"href":"https:\/\/ldmalunelis.lt\/index.php?rest_route=%2Fwp%2Fv2%2Fmedia&parent=7968"}],"curies":[{"name":"wp","href":"https:\/\/api.w.org\/{rel}","templated":true}]}}