{"id":7963,"date":"2023-04-21T09:47:28","date_gmt":"2023-04-21T09:47:28","guid":{"rendered":"https:\/\/ldmalunelis.lt\/?page_id=7963"},"modified":"2026-03-02T10:01:31","modified_gmt":"2026-03-02T08:01:31","slug":"veiklos-dokumentai","status":"publish","type":"page","link":"https:\/\/ldmalunelis.lt\/?page_id=7963","title":{"rendered":"Veiklos dokumentai"},"content":{"rendered":"\t\t<div data-elementor-type=\"wp-page\" data-elementor-id=\"7963\" class=\"elementor elementor-7963\" data-elementor-post-type=\"page\">\n\t\t\t\t\t\t\t\t\t<section class=\"elementor-section elementor-top-section elementor-element elementor-element-b69375f elementor-section-boxed elementor-section-height-default elementor-section-height-default\" data-id=\"b69375f\" data-element_type=\"section\">\n\t\t\t\t\t\t<div class=\"elementor-container elementor-column-gap-default\">\n\t\t\t\t\t<div class=\"elementor-column elementor-col-50 elementor-top-column elementor-element elementor-element-f132a1d\" data-id=\"f132a1d\" data-element_type=\"column\">\n\t\t\t<div class=\"elementor-widget-wrap elementor-element-populated\">\n\t\t\t\t\t\t\t\t<div class=\"elementor-element elementor-element-ddd6c73 elementor-widget elementor-widget-text-editor\" data-id=\"ddd6c73\" data-element_type=\"widget\" data-widget_type=\"text-editor.default\">\n\t\t\t\t<div class=\"elementor-widget-container\">\n\t\t\t<style>\/*! elementor - v3.17.0 - 08-11-2023 *\/\n.elementor-widget-text-editor.elementor-drop-cap-view-stacked .elementor-drop-cap{background-color:#69727d;color:#fff}.elementor-widget-text-editor.elementor-drop-cap-view-framed .elementor-drop-cap{color:#69727d;border:3px solid;background-color:transparent}.elementor-widget-text-editor:not(.elementor-drop-cap-view-default) .elementor-drop-cap{margin-top:8px}.elementor-widget-text-editor:not(.elementor-drop-cap-view-default) .elementor-drop-cap-letter{width:1em;height:1em}.elementor-widget-text-editor .elementor-drop-cap{float:left;text-align:center;line-height:1;font-size:50px}.elementor-widget-text-editor .elementor-drop-cap-letter{display:inline-block}<\/style>\t\t\t\t<p><strong>M\u0117nesio planai\u00a0<\/strong><\/p><p><strong>2025-2026 m. m.<\/strong><\/p><p>2026 m. kovo m\u0117nesio darb\u0173 planas <a href=\"https:\/\/ldmalunelis.lt\/wp-content\/uploads\/2026\/03\/2026-m.-kovo-menesio-darbu-planas.pdf\" target=\"_blank\" rel=\"noopener\">Per\u017ei\u016br\u0117ti dokument\u0105<\/a><\/p><p>2026 m. vasario m\u0117nesio darb\u0173 planas <a href=\"https:\/\/ldmalunelis.lt\/wp-content\/uploads\/2026\/01\/2026-m.-vasario-menesio-darbu-planas.pdf\" target=\"_blank\" rel=\"noopener\">Per\u017ei\u016br\u0117ti dokument\u0105<\/a><\/p><p>2026 m. sausio m\u0117nesio darb\u0173 planas <a href=\"https:\/\/ldmalunelis.lt\/wp-content\/uploads\/2026\/01\/2026-m.-sausio-menesio-darbu-planas.pdf\" target=\"_blank\" rel=\"noopener\">Per\u017ei\u016br\u0117ti dokument\u0105<\/a><\/p><p>2025 m. gruod\u017eio m\u0117nesio darb\u0173 planas <a href=\"https:\/\/ldmalunelis.lt\/wp-content\/uploads\/2025\/12\/2025-m.-gruodzio-men-planas-3.pdf\" target=\"_blank\" rel=\"noopener\">Per\u017ei\u016br\u0117ti dokument\u0105<\/a><\/p><p>2025 m. lapkri\u010dio m\u0117nesio darb\u0173 planas <a href=\"https:\/\/ldmalunelis.lt\/wp-content\/uploads\/2025\/11\/2025-m.-lapkricio-men-planas-2.pdf\" target=\"_blank\" rel=\"noopener\">Per\u017ei\u016br\u0117ti dokument\u0105<\/a><\/p><p>2025 m. spalio m\u0117nesio darb\u0173 planas <a href=\"https:\/\/ldmalunelis.lt\/wp-content\/uploads\/2025\/11\/2025-m.-spalio-men-planas.pdf\" target=\"_blank\" rel=\"noopener\">Per\u017ei\u016br\u0117ti dokument\u0105<\/a><\/p><p>2025 m. rugs\u0117jo m\u0117nesio darb\u0173 planas <a href=\"https:\/\/ldmalunelis.lt\/wp-content\/uploads\/2025\/11\/2025-m.-rugsejo-men-planas.pdf\" target=\"_blank\" rel=\"noopener\">Per\u017ei\u016br\u0117ti dokument\u0105<\/a><\/p><p><strong>2024-2025 m. m.<\/strong><\/p><p>2025 m. bir\u017eelio m\u0117nesio darb\u0173 planas <a href=\"https:\/\/ldmalunelis.lt\/wp-content\/uploads\/2025\/11\/2025-m.-birzelio-men.-planas-1.pdf\" target=\"_blank\" rel=\"noopener\">Per\u017ei\u016br\u0117ti dokument\u0105<\/a><\/p><p>2025 m. gegu\u017e\u0117s m\u0117nesio darb\u0173 planas <a href=\"https:\/\/ldmalunelis.lt\/wp-content\/uploads\/2025\/11\/2025-m.-geguzes-men.-planas-1.pdf\" target=\"_blank\" rel=\"noopener\">Per\u017ei\u016br\u0117ti dokument\u0105<\/a><\/p><p>2025 m. baland\u017eio m\u0117nesio darb\u0173 planas <a href=\"https:\/\/ldmalunelis.lt\/wp-content\/uploads\/2025\/11\/2025-m.-balandzio-men.-planas.pdf\" target=\"_blank\" rel=\"noopener\">Per\u017ei\u016br\u0117ti dokument\u0105<\/a><\/p><p>2025 m. kovo m\u0117nesio darb\u0173 planas <a href=\"https:\/\/ldmalunelis.lt\/wp-content\/uploads\/2025\/11\/2025-m.-kovo-men-planas.pdf\" target=\"_blank\" rel=\"noopener\">Per\u017ei\u016br\u0117ti dokument\u0105<\/a><\/p><p>2025 m. vasario m\u0117nesio darb\u0173 planas <a href=\"https:\/\/ldmalunelis.lt\/wp-content\/uploads\/2025\/11\/2025-m.-vasario-men.-planas.pdf\" target=\"_blank\" rel=\"noopener\">Per\u017ei\u016br\u0117ti dokument\u0105<\/a><\/p><p>2025 m. sausio m\u0117nesio darb\u0173 planas <a href=\"https:\/\/ldmalunelis.lt\/wp-content\/uploads\/2025\/04\/2025-m.-sausio-men-planas.pdf\" target=\"_blank\" rel=\"noopener\">Per\u017ei\u016br\u0117ti dokument\u0105<\/a><\/p><p>2024 m. gruod\u017eio m\u0117nesio darb\u0173 planas <a href=\"https:\/\/ldmalunelis.lt\/wp-content\/uploads\/2024\/12\/2024-m-gruodzio-men-planas.pdf\" target=\"_blank\" rel=\"noopener\">Per\u017ei\u016br\u0117ti dokument\u0105<\/a><\/p><p>2024 m. lapkri\u010dio m\u0117nesio darb\u0173 planas <a href=\"https:\/\/ldmalunelis.lt\/wp-content\/uploads\/2024\/11\/2024-m.-lapkricio-men-planas.pdf\" target=\"_blank\" rel=\"noopener\">Per\u017ei\u016br\u0117ti dokument\u0105<\/a><\/p><p>2024 m. spalio m\u0117nesio darb\u0173 planas <a href=\"https:\/\/ldmalunelis.lt\/wp-content\/uploads\/2024\/10\/2024-m.-spalio-men-planas.pdf\" target=\"_blank\" rel=\"noopener\">Per\u017ei\u016br\u0117ti dokument\u0105<\/a><\/p><p>2024 m. rugs\u0117jo m\u0117nesio darb\u0173 planas <a href=\"https:\/\/ldmalunelis.lt\/wp-content\/uploads\/2024\/09\/2024-m.-rugsejo-men-planas.pdf\" target=\"_blank\" rel=\"noopener\">Per\u017ei\u016br\u0117ti dokument\u0105<\/a><\/p><p><strong>2023-2024 m. m.<\/strong><\/p><p>2024 m. bir\u017eelio m\u0117n. darb\u0173 planas <a href=\"https:\/\/ldmalunelis.lt\/wp-content\/uploads\/2024\/05\/2024-m.-birzelio-men.-planas.pdf\" target=\"_blank\" rel=\"noopener\">Per\u017ei\u016br\u0117ti dokument\u0105<\/a><\/p><p>2024 m. gegu\u017e\u0117s m\u0117n. darb\u0173 planas <a href=\"https:\/\/ldmalunelis.lt\/wp-content\/uploads\/2024\/05\/2024-m.-geguzes-men.-planas.pdf\" target=\"_blank\" rel=\"noopener\">Per\u017ei\u016br\u0117ti dokument\u0105<\/a><\/p><p>2024 m. baland\u017eio m\u0117n. darb\u0173 planas <a href=\"https:\/\/ldmalunelis.lt\/wp-content\/uploads\/2024\/04\/2024-m-balandzio-men-planas-2.pdf\" target=\"_blank\" rel=\"noopener\">Per\u017ei\u016br\u0117ti dokument\u0105<\/a><\/p><p>2024 m. kovo m\u0117n. darb\u0173 planas <a href=\"https:\/\/ldmalunelis.lt\/wp-content\/uploads\/2024\/03\/2024-m-kovo-men-planas.pdf\" target=\"_blank\" rel=\"noopener\">Per\u017ei\u016br\u0117ti dokument\u0105<\/a><\/p><p>2024 m. vasario m\u0117n. darb\u0173 planas <a href=\"https:\/\/ldmalunelis.lt\/wp-content\/uploads\/2024\/01\/2024-m.-vasario-men.-planas.pdf\" target=\"_blank\" rel=\"noopener\">Per\u017ei\u016br\u0117ti dokument\u0105<\/a><\/p><p>2024 m. sausio m\u0117nesio darb\u0173 planas <a href=\"https:\/\/ldmalunelis.lt\/wp-content\/uploads\/2024\/01\/2024-m-sausio-men-planas.pdf\" target=\"_blank\" rel=\"noopener\">Per\u017ei\u016br\u0117ti dokument\u0105<\/a><\/p><p>2023 m. gruod\u017eio m\u0117nesio darb\u0173 planas <a href=\"https:\/\/ldmalunelis.lt\/wp-content\/uploads\/2024\/01\/2023-m-gruodzio-men-planas.pdf\" target=\"_blank\" rel=\"noopener\">Per\u017ei\u016br\u0117ti dokument\u0105<\/a><\/p><p>2023 m. lapkri\u010dio m\u0117nesio darb\u0173 planas <a href=\"https:\/\/ldmalunelis.lt\/wp-content\/uploads\/2023\/10\/2023-m-lapkricio-men-planas.pdf\" target=\"_blank\" rel=\"noopener\">Per\u017ei\u016br\u0117ti dokument\u0105<\/a><\/p><p>2023 m. spalio m\u0117nesio darb\u0173 planas <a href=\"https:\/\/ldmalunelis.lt\/wp-content\/uploads\/2023\/10\/2023-m-spalio-men.-planas.pdf\" target=\"_blank\" rel=\"noopener\">Per\u017ei\u016br\u0117ti dokument\u0105<\/a><\/p>\t\t\t\t\t\t<\/div>\n\t\t\t\t<\/div>\n\t\t\t\t\t<\/div>\n\t\t<\/div>\n\t\t\t\t<div class=\"elementor-column elementor-col-50 elementor-top-column elementor-element elementor-element-54005ef\" data-id=\"54005ef\" data-element_type=\"column\" data-settings=\"{&quot;background_background&quot;:&quot;classic&quot;}\">\n\t\t\t<div class=\"elementor-widget-wrap elementor-element-populated\">\n\t\t\t\t\t\t\t\t<div class=\"elementor-element elementor-element-c430469 elementor-icon-list--layout-traditional elementor-list-item-link-full_width elementor-widget elementor-widget-icon-list\" data-id=\"c430469\" data-element_type=\"widget\" data-widget_type=\"icon-list.default\">\n\t\t\t\t<div class=\"elementor-widget-container\">\n\t\t\t<link rel=\"stylesheet\" href=\"https:\/\/ldmalunelis.lt\/wp-content\/plugins\/elementor\/assets\/css\/widget-icon-list.min.css\">\t\t<ul class=\"elementor-icon-list-items\">\n\t\t\t\t\t\t\t<li class=\"elementor-icon-list-item\">\n\t\t\t\t\t\t\t\t\t\t\t<a href=\"https:\/\/ldmalunelis.lt\/?page_id=37\">\n\n\t\t\t\t\t\t\t\t\t\t\t<span class=\"elementor-icon-list-text\">Prie\u0161mokyklinis ugdymas<\/span>\n\t\t\t\t\t\t\t\t\t\t\t<\/a>\n\t\t\t\t\t\t\t\t\t<\/li>\n\t\t\t\t\t\t\t\t<li class=\"elementor-icon-list-item\">\n\t\t\t\t\t\t\t\t\t\t\t<a href=\"https:\/\/ldmalunelis.lt\/?page_id=7938\">\n\n\t\t\t\t\t\t\t\t\t\t\t<span class=\"elementor-icon-list-text\"> Ikimokyklinis ugdymas <\/span>\n\t\t\t\t\t\t\t\t\t\t\t<\/a>\n\t\t\t\t\t\t\t\t\t<\/li>\n\t\t\t\t\t\t\t\t<li class=\"elementor-icon-list-item\">\n\t\t\t\t\t\t\t\t\t\t\t<a href=\"https:\/\/ldmalunelis.lt\/?page_id=7940\">\n\n\t\t\t\t\t\t\t\t\t\t\t<span class=\"elementor-icon-list-text\"> Nuotolinis ugdymas <\/span>\n\t\t\t\t\t\t\t\t\t\t\t<\/a>\n\t\t\t\t\t\t\t\t\t<\/li>\n\t\t\t\t\t\t\t\t<li class=\"elementor-icon-list-item\">\n\t\t\t\t\t\t\t\t\t\t\t<a href=\"https:\/\/ldmalunelis.lt\/?page_id=7942\">\n\n\t\t\t\t\t\t\t\t\t\t\t<span class=\"elementor-icon-list-text\"> Specialistai <\/span>\n\t\t\t\t\t\t\t\t\t\t\t<\/a>\n\t\t\t\t\t\t\t\t\t<\/li>\n\t\t\t\t\t\t\t\t<li class=\"elementor-icon-list-item\">\n\t\t\t\t\t\t\t\t\t\t\t<a href=\"https:\/\/ldmalunelis.lt\/?page_id=7946\">\n\n\t\t\t\t\t\t\t\t\t\t\t<span class=\"elementor-icon-list-text\"> Projektin\u0117 veikla Ikimokyklinio am\u017eiaus vaik\u0173 ugdymo(si) pasiekim\u0173 vertinimas <\/span>\n\t\t\t\t\t\t\t\t\t\t\t<\/a>\n\t\t\t\t\t\t\t\t\t<\/li>\n\t\t\t\t\t\t\t\t<li class=\"elementor-icon-list-item\">\n\t\t\t\t\t\t\t\t\t\t\t<a href=\"https:\/\/ldmalunelis.lt\/?page_id=7948\">\n\n\t\t\t\t\t\t\t\t\t\t\t<span class=\"elementor-icon-list-text\">Vaik\u0173 brandumo vertinimas<\/span>\n\t\t\t\t\t\t\t\t\t\t\t<\/a>\n\t\t\t\t\t\t\t\t\t<\/li>\n\t\t\t\t\t\t\t\t<li class=\"elementor-icon-list-item\">\n\t\t\t\t\t\t\t\t\t\t\t<a href=\"https:\/\/ldmalunelis.lt\/?page_id=7950\">\n\n\t\t\t\t\t\t\t\t\t\t\t<span class=\"elementor-icon-list-text\">Socialiniai partneriai <\/span>\n\t\t\t\t\t\t\t\t\t\t\t<\/a>\n\t\t\t\t\t\t\t\t\t<\/li>\n\t\t\t\t\t\t\t\t<li class=\"elementor-icon-list-item\">\n\t\t\t\t\t\t\t\t\t\t\t<a href=\"https:\/\/ldmalunelis.lt\/?page_id=7963\">\n\n\t\t\t\t\t\t\t\t\t\t\t<span class=\"elementor-icon-list-text\">Veiklos dokumentai <\/span>\n\t\t\t\t\t\t\t\t\t\t\t<\/a>\n\t\t\t\t\t\t\t\t\t<\/li>\n\t\t\t\t\t\t\t\t<li class=\"elementor-icon-list-item\">\n\t\t\t\t\t\t\t\t\t\t\t<a href=\"https:\/\/ldmalunelis.lt\/?page_id=7952\">\n\n\t\t\t\t\t\t\t\t\t\t\t<span class=\"elementor-icon-list-text\">Tvarkos ir apra\u0161ai<\/span>\n\t\t\t\t\t\t\t\t\t\t\t<\/a>\n\t\t\t\t\t\t\t\t\t<\/li>\n\t\t\t\t\t\t<\/ul>\n\t\t\t\t<\/div>\n\t\t\t\t<\/div>\n\t\t\t\t\t<\/div>\n\t\t<\/div>\n\t\t\t\t\t\t\t<\/div>\n\t\t<\/section>\n\t\t\t\t\t\t\t<\/div>\n\t\t","protected":false},"excerpt":{"rendered":"<p>M\u0117nesio planai\u00a0 2025-2026 m. m. 2026 m. kovo m\u0117nesio darb\u0173 planas Per\u017ei\u016br\u0117ti dokument\u0105 2026 m. vasario m\u0117nesio darb\u0173 planas Per\u017ei\u016br\u0117ti dokument\u0105 2026 m. sausio m\u0117nesio darb\u0173 planas Per\u017ei\u016br\u0117ti dokument\u0105 2025 m. gruod\u017eio m\u0117nesio darb\u0173 planas Per\u017ei\u016br\u0117ti dokument\u0105 2025 m. lapkri\u010dio m\u0117nesio darb\u0173 planas Per\u017ei\u016br\u0117ti dokument\u0105 2025 m. spalio m\u0117nesio darb\u0173 planas Per\u017ei\u016br\u0117ti dokument\u0105 2025 m. [&hellip;]<\/p>\n","protected":false},"author":1,"featured_media":0,"parent":0,"menu_order":0,"comment_status":"closed","ping_status":"closed","template":"","meta":{"footnotes":""},"class_list":["post-7963","page","type-page","status-publish","hentry"],"_links":{"self":[{"href":"https:\/\/ldmalunelis.lt\/index.php?rest_route=\/wp\/v2\/pages\/7963","targetHints":{"allow":["GET"]}}],"collection":[{"href":"https:\/\/ldmalunelis.lt\/index.php?rest_route=\/wp\/v2\/pages"}],"about":[{"href":"https:\/\/ldmalunelis.lt\/index.php?rest_route=\/wp\/v2\/types\/page"}],"author":[{"embeddable":true,"href":"https:\/\/ldmalunelis.lt\/index.php?rest_route=\/wp\/v2\/users\/1"}],"replies":[{"embeddable":true,"href":"https:\/\/ldmalunelis.lt\/index.php?rest_route=%2Fwp%2Fv2%2Fcomments&post=7963"}],"version-history":[{"count":148,"href":"https:\/\/ldmalunelis.lt\/index.php?rest_route=\/wp\/v2\/pages\/7963\/revisions"}],"predecessor-version":[{"id":12533,"href":"https:\/\/ldmalunelis.lt\/index.php?rest_route=\/wp\/v2\/pages\/7963\/revisions\/12533"}],"wp:attachment":[{"href":"https:\/\/ldmalunelis.lt\/index.php?rest_route=%2Fwp%2Fv2%2Fmedia&parent=7963"}],"curies":[{"name":"wp","href":"https:\/\/api.w.org\/{rel}","templated":true}]}}