{"id":7952,"date":"2023-04-21T09:44:33","date_gmt":"2023-04-21T09:44:33","guid":{"rendered":"https:\/\/ldmalunelis.lt\/?page_id=7952"},"modified":"2026-03-24T11:44:39","modified_gmt":"2026-03-24T09:44:39","slug":"tvarkos-ir-aprasai","status":"publish","type":"page","link":"https:\/\/ldmalunelis.lt\/?page_id=7952","title":{"rendered":"Tvarkos ir apra\u0161ai"},"content":{"rendered":"\t\t<div data-elementor-type=\"wp-page\" data-elementor-id=\"7952\" class=\"elementor elementor-7952\" data-elementor-post-type=\"page\">\n\t\t\t\t\t\t\t\t\t<section class=\"elementor-section elementor-top-section elementor-element elementor-element-9137fa1 elementor-section-boxed elementor-section-height-default elementor-section-height-default\" data-id=\"9137fa1\" data-element_type=\"section\">\n\t\t\t\t\t\t<div class=\"elementor-container elementor-column-gap-default\">\n\t\t\t\t\t<div class=\"elementor-column elementor-col-50 elementor-top-column elementor-element elementor-element-9a17a08\" data-id=\"9a17a08\" data-element_type=\"column\">\n\t\t\t<div class=\"elementor-widget-wrap elementor-element-populated\">\n\t\t\t\t\t\t\t\t<div class=\"elementor-element elementor-element-a9cdfb4 elementor-widget elementor-widget-text-editor\" data-id=\"a9cdfb4\" data-element_type=\"widget\" data-widget_type=\"text-editor.default\">\n\t\t\t\t<div class=\"elementor-widget-container\">\n\t\t\t<style>\/*! elementor - v3.17.0 - 08-11-2023 *\/\n.elementor-widget-text-editor.elementor-drop-cap-view-stacked .elementor-drop-cap{background-color:#69727d;color:#fff}.elementor-widget-text-editor.elementor-drop-cap-view-framed .elementor-drop-cap{color:#69727d;border:3px solid;background-color:transparent}.elementor-widget-text-editor:not(.elementor-drop-cap-view-default) .elementor-drop-cap{margin-top:8px}.elementor-widget-text-editor:not(.elementor-drop-cap-view-default) .elementor-drop-cap-letter{width:1em;height:1em}.elementor-widget-text-editor .elementor-drop-cap{float:left;text-align:center;line-height:1;font-size:50px}.elementor-widget-text-editor .elementor-drop-cap-letter{display:inline-block}<\/style>\t\t\t\t<p>Pedagog\u0173 etikos kodeksas <a href=\"https:\/\/ldmalunelis.lt\/wp-content\/uploads\/2024\/04\/Pedagogu-etikos-kodeksas.pdf\" target=\"_blank\" rel=\"noopener\">Per\u017ei\u016br\u0117ti dokument\u0105<\/a><\/p><p>Elektroninio dienyno tvarkos apra\u0161as <a href=\"https:\/\/ldmalunelis.lt\/wp-content\/uploads\/2024\/04\/Elektroninio-dienyno-tvarkos-aprasas.pdf\" target=\"_blank\" rel=\"noopener\">Per\u017ei\u016br\u0117ti dokument\u0105<\/a><\/p><p>Mokytoj\u0173, pagalbos vaikui specialist\u0173 kvalifikacijos tobulinimo tvarkos apra\u0161as <a href=\"https:\/\/ldmalunelis.lt\/wp-content\/uploads\/2024\/04\/Kvalifikacijos-tobulinimo-tvarka.docx.pdf\" target=\"_blank\" rel=\"noopener\">Per\u017ei\u016br\u0117ti dokument\u0105<\/a><\/p><p>Mokytoj\u0173 ir pagalbos mokiniui specialist\u0173 (i\u0161skyrus psichologus) atestacijos komisijos dabo reglamentas <a href=\"https:\/\/ldmalunelis.lt\/wp-content\/uploads\/2024\/04\/Atestacijos-komisijos-darbo-reglamentas.pdf\" target=\"_blank\" rel=\"noopener\">Per\u017ei\u016br\u0117ti dokument\u0105<\/a><\/p><p>Vaizdo duomen\u0173 tvarkymo taisykl\u0117s <a href=\"https:\/\/ldmalunelis.lt\/wp-content\/uploads\/2024\/04\/Vaizdo-duomenu-tvarkymo-taisykles.pdf\" target=\"_blank\" rel=\"noopener\">Per\u017ei\u016br\u0117ti dokument\u0105<\/a><\/p><p>Lygi\u0173 galimybi\u0173 politikos \u012fgyvendinimo ir vykdymo prie\u017ei\u016bros tvarkos apra\u0161as <a href=\"https:\/\/ldmalunelis.lt\/wp-content\/uploads\/2024\/04\/Lygiu-galimybiu-politikos-igyvendinimo-ir-vykdymo-prieziuros-tvarka.pdf\" target=\"_blank\" rel=\"noopener\">Per\u017ei\u016br\u0117ti dokument\u0105<\/a><\/p><p>Smurto ir priekabiavimo prevencijos tvarkos apra\u0161as <a href=\"https:\/\/ldmalunelis.lt\/wp-content\/uploads\/2025\/07\/2025-01-02-Nr.-V-3-Smurto-priekabiavimo-ir-mobingo-tvarka.pdf\" target=\"_blank\" rel=\"noopener\">Per\u017ei\u016br\u0117ti dokument\u0105<\/a><\/p><p>Finans\u0173 kontrol\u0117s taisykl\u0117s <a href=\"https:\/\/ldmalunelis.lt\/wp-content\/uploads\/2024\/04\/Finansu-kontroles-taisykles.pdf\" target=\"_blank\" rel=\"noopener\">Per\u017ei\u016br\u0117ti dokument\u0105<\/a><\/p><p>Darbuotoj\u0173 darbo apmok\u0117jimo sistemos tvarkos apra\u0161as <a href=\"https:\/\/ldmalunelis.lt\/wp-content\/uploads\/2026\/03\/Darbo-apmokejimo-tvarka-26-03-01.pdf\" target=\"_blank\" rel=\"noopener\">Per\u017ei\u016br\u0117ti dokument\u0105<\/a><\/p>\t\t\t\t\t\t<\/div>\n\t\t\t\t<\/div>\n\t\t\t\t\t<\/div>\n\t\t<\/div>\n\t\t\t\t<div class=\"elementor-column elementor-col-50 elementor-top-column elementor-element elementor-element-98a4755\" data-id=\"98a4755\" data-element_type=\"column\" data-settings=\"{&quot;background_background&quot;:&quot;classic&quot;}\">\n\t\t\t<div class=\"elementor-widget-wrap elementor-element-populated\">\n\t\t\t\t\t\t\t\t<div class=\"elementor-element elementor-element-845deb6 elementor-icon-list--layout-traditional elementor-list-item-link-full_width elementor-widget elementor-widget-icon-list\" data-id=\"845deb6\" data-element_type=\"widget\" data-widget_type=\"icon-list.default\">\n\t\t\t\t<div class=\"elementor-widget-container\">\n\t\t\t<link rel=\"stylesheet\" href=\"https:\/\/ldmalunelis.lt\/wp-content\/plugins\/elementor\/assets\/css\/widget-icon-list.min.css\">\t\t<ul class=\"elementor-icon-list-items\">\n\t\t\t\t\t\t\t<li class=\"elementor-icon-list-item\">\n\t\t\t\t\t\t\t\t\t\t\t<a href=\"https:\/\/ldmalunelis.lt\/?page_id=37\">\n\n\t\t\t\t\t\t\t\t\t\t\t<span class=\"elementor-icon-list-text\">Prie\u0161mokyklinis ugdymas<\/span>\n\t\t\t\t\t\t\t\t\t\t\t<\/a>\n\t\t\t\t\t\t\t\t\t<\/li>\n\t\t\t\t\t\t\t\t<li class=\"elementor-icon-list-item\">\n\t\t\t\t\t\t\t\t\t\t\t<a href=\"https:\/\/ldmalunelis.lt\/?page_id=7938\">\n\n\t\t\t\t\t\t\t\t\t\t\t<span class=\"elementor-icon-list-text\"> Ikimokyklinis ugdymas <\/span>\n\t\t\t\t\t\t\t\t\t\t\t<\/a>\n\t\t\t\t\t\t\t\t\t<\/li>\n\t\t\t\t\t\t\t\t<li class=\"elementor-icon-list-item\">\n\t\t\t\t\t\t\t\t\t\t\t<a href=\"https:\/\/ldmalunelis.lt\/?page_id=7940\">\n\n\t\t\t\t\t\t\t\t\t\t\t<span class=\"elementor-icon-list-text\"> Nuotolinis ugdymas <\/span>\n\t\t\t\t\t\t\t\t\t\t\t<\/a>\n\t\t\t\t\t\t\t\t\t<\/li>\n\t\t\t\t\t\t\t\t<li class=\"elementor-icon-list-item\">\n\t\t\t\t\t\t\t\t\t\t\t<a href=\"https:\/\/ldmalunelis.lt\/?page_id=7942\">\n\n\t\t\t\t\t\t\t\t\t\t\t<span class=\"elementor-icon-list-text\"> Specialistai <\/span>\n\t\t\t\t\t\t\t\t\t\t\t<\/a>\n\t\t\t\t\t\t\t\t\t<\/li>\n\t\t\t\t\t\t\t\t<li class=\"elementor-icon-list-item\">\n\t\t\t\t\t\t\t\t\t\t\t<a href=\"https:\/\/ldmalunelis.lt\/?page_id=7946\">\n\n\t\t\t\t\t\t\t\t\t\t\t<span class=\"elementor-icon-list-text\"> Projektin\u0117 veikla Ikimokyklinio am\u017eiaus vaik\u0173 ugdymo(si) pasiekim\u0173 vertinimas <\/span>\n\t\t\t\t\t\t\t\t\t\t\t<\/a>\n\t\t\t\t\t\t\t\t\t<\/li>\n\t\t\t\t\t\t\t\t<li class=\"elementor-icon-list-item\">\n\t\t\t\t\t\t\t\t\t\t\t<a href=\"https:\/\/ldmalunelis.lt\/?page_id=7948\">\n\n\t\t\t\t\t\t\t\t\t\t\t<span class=\"elementor-icon-list-text\">Vaik\u0173 brandumo vertinimas<\/span>\n\t\t\t\t\t\t\t\t\t\t\t<\/a>\n\t\t\t\t\t\t\t\t\t<\/li>\n\t\t\t\t\t\t\t\t<li class=\"elementor-icon-list-item\">\n\t\t\t\t\t\t\t\t\t\t\t<a href=\"https:\/\/ldmalunelis.lt\/?page_id=7950\">\n\n\t\t\t\t\t\t\t\t\t\t\t<span class=\"elementor-icon-list-text\">Socialiniai partneriai <\/span>\n\t\t\t\t\t\t\t\t\t\t\t<\/a>\n\t\t\t\t\t\t\t\t\t<\/li>\n\t\t\t\t\t\t\t\t<li class=\"elementor-icon-list-item\">\n\t\t\t\t\t\t\t\t\t\t\t<a href=\"https:\/\/ldmalunelis.lt\/?page_id=7963\">\n\n\t\t\t\t\t\t\t\t\t\t\t<span class=\"elementor-icon-list-text\">Veiklos dokumentai <\/span>\n\t\t\t\t\t\t\t\t\t\t\t<\/a>\n\t\t\t\t\t\t\t\t\t<\/li>\n\t\t\t\t\t\t\t\t<li class=\"elementor-icon-list-item\">\n\t\t\t\t\t\t\t\t\t\t\t<a href=\"https:\/\/ldmalunelis.lt\/?page_id=7952\">\n\n\t\t\t\t\t\t\t\t\t\t\t<span class=\"elementor-icon-list-text\">Tvarkos ir apra\u0161ai<\/span>\n\t\t\t\t\t\t\t\t\t\t\t<\/a>\n\t\t\t\t\t\t\t\t\t<\/li>\n\t\t\t\t\t\t<\/ul>\n\t\t\t\t<\/div>\n\t\t\t\t<\/div>\n\t\t\t\t\t<\/div>\n\t\t<\/div>\n\t\t\t\t\t\t\t<\/div>\n\t\t<\/section>\n\t\t\t\t\t\t\t<\/div>\n\t\t","protected":false},"excerpt":{"rendered":"<p>Pedagog\u0173 etikos kodeksas Per\u017ei\u016br\u0117ti dokument\u0105 Elektroninio dienyno tvarkos apra\u0161as Per\u017ei\u016br\u0117ti dokument\u0105 Mokytoj\u0173, pagalbos vaikui specialist\u0173 kvalifikacijos tobulinimo tvarkos apra\u0161as Per\u017ei\u016br\u0117ti dokument\u0105 Mokytoj\u0173 ir pagalbos mokiniui specialist\u0173 (i\u0161skyrus psichologus) atestacijos komisijos dabo reglamentas Per\u017ei\u016br\u0117ti dokument\u0105 Vaizdo duomen\u0173 tvarkymo taisykl\u0117s Per\u017ei\u016br\u0117ti dokument\u0105 Lygi\u0173 galimybi\u0173 politikos \u012fgyvendinimo ir vykdymo prie\u017ei\u016bros tvarkos apra\u0161as Per\u017ei\u016br\u0117ti dokument\u0105 Smurto ir priekabiavimo prevencijos [&hellip;]<\/p>\n","protected":false},"author":1,"featured_media":0,"parent":0,"menu_order":0,"comment_status":"closed","ping_status":"closed","template":"","meta":{"footnotes":""},"class_list":["post-7952","page","type-page","status-publish","hentry"],"_links":{"self":[{"href":"https:\/\/ldmalunelis.lt\/index.php?rest_route=\/wp\/v2\/pages\/7952","targetHints":{"allow":["GET"]}}],"collection":[{"href":"https:\/\/ldmalunelis.lt\/index.php?rest_route=\/wp\/v2\/pages"}],"about":[{"href":"https:\/\/ldmalunelis.lt\/index.php?rest_route=\/wp\/v2\/types\/page"}],"author":[{"embeddable":true,"href":"https:\/\/ldmalunelis.lt\/index.php?rest_route=\/wp\/v2\/users\/1"}],"replies":[{"embeddable":true,"href":"https:\/\/ldmalunelis.lt\/index.php?rest_route=%2Fwp%2Fv2%2Fcomments&post=7952"}],"version-history":[{"count":29,"href":"https:\/\/ldmalunelis.lt\/index.php?rest_route=\/wp\/v2\/pages\/7952\/revisions"}],"predecessor-version":[{"id":12721,"href":"https:\/\/ldmalunelis.lt\/index.php?rest_route=\/wp\/v2\/pages\/7952\/revisions\/12721"}],"wp:attachment":[{"href":"https:\/\/ldmalunelis.lt\/index.php?rest_route=%2Fwp%2Fv2%2Fmedia&parent=7952"}],"curies":[{"name":"wp","href":"https:\/\/api.w.org\/{rel}","templated":true}]}}