{"id":7938,"date":"2023-04-21T09:32:52","date_gmt":"2023-04-21T09:32:52","guid":{"rendered":"https:\/\/ldmalunelis.lt\/?page_id=7938"},"modified":"2025-07-01T13:09:11","modified_gmt":"2025-07-01T11:09:11","slug":"ikimokyklinis-ugdymas","status":"publish","type":"page","link":"https:\/\/ldmalunelis.lt\/?page_id=7938","title":{"rendered":"Ikimokyklinis ugdymas"},"content":{"rendered":"\t\t<div data-elementor-type=\"wp-page\" data-elementor-id=\"7938\" class=\"elementor elementor-7938\" data-elementor-post-type=\"page\">\n\t\t\t\t\t\t\t\t\t<section class=\"elementor-section elementor-top-section elementor-element elementor-element-058367a elementor-section-boxed elementor-section-height-default elementor-section-height-default\" data-id=\"058367a\" data-element_type=\"section\">\n\t\t\t\t\t\t<div class=\"elementor-container elementor-column-gap-default\">\n\t\t\t\t\t<div class=\"elementor-column elementor-col-50 elementor-top-column elementor-element elementor-element-1fcdea4\" data-id=\"1fcdea4\" data-element_type=\"column\">\n\t\t\t<div class=\"elementor-widget-wrap elementor-element-populated\">\n\t\t\t\t\t\t\t\t<div class=\"elementor-element elementor-element-9b8db70 elementor-widget elementor-widget-text-editor\" data-id=\"9b8db70\" data-element_type=\"widget\" data-widget_type=\"text-editor.default\">\n\t\t\t\t<div class=\"elementor-widget-container\">\n\t\t\t<style>\/*! elementor - v3.17.0 - 08-11-2023 *\/\n.elementor-widget-text-editor.elementor-drop-cap-view-stacked .elementor-drop-cap{background-color:#69727d;color:#fff}.elementor-widget-text-editor.elementor-drop-cap-view-framed .elementor-drop-cap{color:#69727d;border:3px solid;background-color:transparent}.elementor-widget-text-editor:not(.elementor-drop-cap-view-default) .elementor-drop-cap{margin-top:8px}.elementor-widget-text-editor:not(.elementor-drop-cap-view-default) .elementor-drop-cap-letter{width:1em;height:1em}.elementor-widget-text-editor .elementor-drop-cap{float:left;text-align:center;line-height:1;font-size:50px}.elementor-widget-text-editor .elementor-drop-cap-letter{display:inline-block}<\/style>\t\t\t\t<p>Ikimokyklinis ugdymas vykdomas pagal lop\u0161elio-dar\u017eelio \u201eMal\u016bn\u0117lis&#8221; parengt\u0105 ikimokyklinio ugdymo program\u0105 <a href=\"https:\/\/ldmalunelis.lt\/wp-content\/uploads\/2025\/07\/Kauno-lopselio-darzelio-Malunelis-IU-programa.pdf\" target=\"_blank\" rel=\"noopener\">Per\u017ei\u016br\u0117ti dokument\u0105<\/a><\/p><p>Kauno miesto savivaldyb\u0117s mero potvarkis (2025 m. bir\u017eelio 30 d. Nr. M-708) \u201eD\u0117l pritarimo Kauno miesto savivaldyb\u0117s biud\u017eetini\u0173 \u0161vietimo \u012fstaig\u0173 ikimokyklinio ugdymo programoms\u201c <a href=\"https:\/\/ldmalunelis.lt\/wp-content\/uploads\/2025\/07\/20250701_121734_.pdf\" target=\"_blank\" rel=\"noopener\">Per\u017ei\u016br\u0117ti dokument\u0105<\/a><\/p><p>Ikimokyklinio ugdymo programos gair\u0117s\u00a0\u00a0<a href=\"https:\/\/e-seimas.lrs.lt\/portal\/legalAct\/lt\/TAD\/76bb8f404b5911ee8185e4f3ad07094a\/asr\" target=\"_blank\" rel=\"noopener\">Per\u017ei\u016br\u0117ti dokument\u0105<\/a><\/p><p>Ikimokyklinio ugdymo programos gairi\u0173\u00a0priedas\u00a0\u201eIkimokyklinio am\u017eiaus vaik\u0173 pasiekim\u0173 apra\u0161as<em>\u201c<\/em> \u00a0<a href=\"https:\/\/www.nsa.smsm.lt\/projektai\/wp-content\/uploads\/2024\/02\/Ikimokyklinio-amziaus-vaiku-ugdymosi-pasiekimu-aprasas.pdf\" target=\"_blank\" rel=\"noopener\">Per\u017ei\u016br\u0117ti dokument\u0105<\/a><\/p><p>Ikimokyklinio ugdymo programos gairi\u0173 priedas \u201eIkimokyklinio am\u017eiaus vaik\u0173 pasiekim\u0173 apra\u0161o pakeitimas (2024-02-14) <a href=\"https:\/\/www.nsa.smsm.lt\/projektai\/wp-content\/uploads\/2024\/02\/2024-02-14-Isakymas-del-Apraso-pakeitimo.pdf\" target=\"_blank\" rel=\"noopener\">Per\u017ei\u016br\u0117ti dokument\u0105<\/a><\/p><p>Vaik\u0173, dalyvaujan\u010di\u0173 ikimokyklinio ugdymo programoje, pasiekim\u0173 steb\u0117senos priemon\u0117 \u201ePasiekim\u0173 \u017eingsneliai&#8221; <a href=\"https:\/\/www.nsa.smsm.lt\/projektai\/wp-content\/uploads\/2024\/11\/Priemone-Pasiekimu-zingsneliai.pdf\" target=\"_blank\" rel=\"noopener\">Per\u017ei\u016br\u0117ti dokument\u0105<\/a><\/p>\t\t\t\t\t\t<\/div>\n\t\t\t\t<\/div>\n\t\t\t\t\t<\/div>\n\t\t<\/div>\n\t\t\t\t<div class=\"elementor-column elementor-col-50 elementor-top-column elementor-element elementor-element-f1af90e\" data-id=\"f1af90e\" data-element_type=\"column\" data-settings=\"{&quot;background_background&quot;:&quot;classic&quot;}\">\n\t\t\t<div class=\"elementor-widget-wrap elementor-element-populated\">\n\t\t\t\t\t\t\t\t<div class=\"elementor-element elementor-element-945ca9f elementor-icon-list--layout-traditional elementor-list-item-link-full_width elementor-widget elementor-widget-icon-list\" data-id=\"945ca9f\" data-element_type=\"widget\" data-widget_type=\"icon-list.default\">\n\t\t\t\t<div class=\"elementor-widget-container\">\n\t\t\t<link rel=\"stylesheet\" href=\"https:\/\/ldmalunelis.lt\/wp-content\/plugins\/elementor\/assets\/css\/widget-icon-list.min.css\">\t\t<ul class=\"elementor-icon-list-items\">\n\t\t\t\t\t\t\t<li class=\"elementor-icon-list-item\">\n\t\t\t\t\t\t\t\t\t\t\t<a href=\"https:\/\/ldmalunelis.lt\/?page_id=37\">\n\n\t\t\t\t\t\t\t\t\t\t\t<span class=\"elementor-icon-list-text\">Prie\u0161mokyklinis ugdymas<\/span>\n\t\t\t\t\t\t\t\t\t\t\t<\/a>\n\t\t\t\t\t\t\t\t\t<\/li>\n\t\t\t\t\t\t\t\t<li class=\"elementor-icon-list-item\">\n\t\t\t\t\t\t\t\t\t\t\t<a href=\"https:\/\/ldmalunelis.lt\/?page_id=7938\">\n\n\t\t\t\t\t\t\t\t\t\t\t<span class=\"elementor-icon-list-text\"> Ikimokyklinis ugdymas <\/span>\n\t\t\t\t\t\t\t\t\t\t\t<\/a>\n\t\t\t\t\t\t\t\t\t<\/li>\n\t\t\t\t\t\t\t\t<li class=\"elementor-icon-list-item\">\n\t\t\t\t\t\t\t\t\t\t\t<a href=\"https:\/\/ldmalunelis.lt\/?page_id=7940\">\n\n\t\t\t\t\t\t\t\t\t\t\t<span class=\"elementor-icon-list-text\"> Nuotolinis ugdymas <\/span>\n\t\t\t\t\t\t\t\t\t\t\t<\/a>\n\t\t\t\t\t\t\t\t\t<\/li>\n\t\t\t\t\t\t\t\t<li class=\"elementor-icon-list-item\">\n\t\t\t\t\t\t\t\t\t\t\t<a href=\"https:\/\/ldmalunelis.lt\/?page_id=7942\">\n\n\t\t\t\t\t\t\t\t\t\t\t<span class=\"elementor-icon-list-text\"> Specialistai <\/span>\n\t\t\t\t\t\t\t\t\t\t\t<\/a>\n\t\t\t\t\t\t\t\t\t<\/li>\n\t\t\t\t\t\t\t\t<li class=\"elementor-icon-list-item\">\n\t\t\t\t\t\t\t\t\t\t\t<a href=\"https:\/\/ldmalunelis.lt\/?page_id=7946\">\n\n\t\t\t\t\t\t\t\t\t\t\t<span class=\"elementor-icon-list-text\"> Projektin\u0117 veikla Ikimokyklinio am\u017eiaus vaik\u0173 ugdymo(si) pasiekim\u0173 vertinimas <\/span>\n\t\t\t\t\t\t\t\t\t\t\t<\/a>\n\t\t\t\t\t\t\t\t\t<\/li>\n\t\t\t\t\t\t\t\t<li class=\"elementor-icon-list-item\">\n\t\t\t\t\t\t\t\t\t\t\t<a href=\"https:\/\/ldmalunelis.lt\/?page_id=7948\">\n\n\t\t\t\t\t\t\t\t\t\t\t<span class=\"elementor-icon-list-text\">Vaik\u0173 brandumo vertinimas<\/span>\n\t\t\t\t\t\t\t\t\t\t\t<\/a>\n\t\t\t\t\t\t\t\t\t<\/li>\n\t\t\t\t\t\t\t\t<li class=\"elementor-icon-list-item\">\n\t\t\t\t\t\t\t\t\t\t\t<a href=\"https:\/\/ldmalunelis.lt\/?page_id=7950\">\n\n\t\t\t\t\t\t\t\t\t\t\t<span class=\"elementor-icon-list-text\">Socialiniai partneriai <\/span>\n\t\t\t\t\t\t\t\t\t\t\t<\/a>\n\t\t\t\t\t\t\t\t\t<\/li>\n\t\t\t\t\t\t\t\t<li class=\"elementor-icon-list-item\">\n\t\t\t\t\t\t\t\t\t\t\t<a href=\"https:\/\/ldmalunelis.lt\/?page_id=7963\">\n\n\t\t\t\t\t\t\t\t\t\t\t<span class=\"elementor-icon-list-text\">Veiklos dokumentai <\/span>\n\t\t\t\t\t\t\t\t\t\t\t<\/a>\n\t\t\t\t\t\t\t\t\t<\/li>\n\t\t\t\t\t\t\t\t<li class=\"elementor-icon-list-item\">\n\t\t\t\t\t\t\t\t\t\t\t<a href=\"https:\/\/ldmalunelis.lt\/?page_id=7952\">\n\n\t\t\t\t\t\t\t\t\t\t\t<span class=\"elementor-icon-list-text\">Tvarkos ir apra\u0161ai<\/span>\n\t\t\t\t\t\t\t\t\t\t\t<\/a>\n\t\t\t\t\t\t\t\t\t<\/li>\n\t\t\t\t\t\t<\/ul>\n\t\t\t\t<\/div>\n\t\t\t\t<\/div>\n\t\t\t\t\t<\/div>\n\t\t<\/div>\n\t\t\t\t\t\t\t<\/div>\n\t\t<\/section>\n\t\t\t\t\t\t\t<\/div>\n\t\t","protected":false},"excerpt":{"rendered":"<p>Ikimokyklinis ugdymas vykdomas pagal lop\u0161elio-dar\u017eelio \u201eMal\u016bn\u0117lis&#8221; parengt\u0105 ikimokyklinio ugdymo program\u0105 Per\u017ei\u016br\u0117ti dokument\u0105 Kauno miesto savivaldyb\u0117s mero potvarkis (2025 m. bir\u017eelio 30 d. Nr. M-708) \u201eD\u0117l pritarimo Kauno miesto savivaldyb\u0117s biud\u017eetini\u0173 \u0161vietimo \u012fstaig\u0173 ikimokyklinio ugdymo programoms\u201c Per\u017ei\u016br\u0117ti dokument\u0105 Ikimokyklinio ugdymo programos gair\u0117s\u00a0\u00a0Per\u017ei\u016br\u0117ti dokument\u0105 Ikimokyklinio ugdymo programos gairi\u0173\u00a0priedas\u00a0\u201eIkimokyklinio am\u017eiaus vaik\u0173 pasiekim\u0173 apra\u0161as\u201c \u00a0Per\u017ei\u016br\u0117ti dokument\u0105 Ikimokyklinio ugdymo programos [&hellip;]<\/p>\n","protected":false},"author":1,"featured_media":0,"parent":0,"menu_order":0,"comment_status":"closed","ping_status":"closed","template":"","meta":{"footnotes":""},"class_list":["post-7938","page","type-page","status-publish","hentry"],"_links":{"self":[{"href":"https:\/\/ldmalunelis.lt\/index.php?rest_route=\/wp\/v2\/pages\/7938","targetHints":{"allow":["GET"]}}],"collection":[{"href":"https:\/\/ldmalunelis.lt\/index.php?rest_route=\/wp\/v2\/pages"}],"about":[{"href":"https:\/\/ldmalunelis.lt\/index.php?rest_route=\/wp\/v2\/types\/page"}],"author":[{"embeddable":true,"href":"https:\/\/ldmalunelis.lt\/index.php?rest_route=\/wp\/v2\/users\/1"}],"replies":[{"embeddable":true,"href":"https:\/\/ldmalunelis.lt\/index.php?rest_route=%2Fwp%2Fv2%2Fcomments&post=7938"}],"version-history":[{"count":31,"href":"https:\/\/ldmalunelis.lt\/index.php?rest_route=\/wp\/v2\/pages\/7938\/revisions"}],"predecessor-version":[{"id":11688,"href":"https:\/\/ldmalunelis.lt\/index.php?rest_route=\/wp\/v2\/pages\/7938\/revisions\/11688"}],"wp:attachment":[{"href":"https:\/\/ldmalunelis.lt\/index.php?rest_route=%2Fwp%2Fv2%2Fmedia&parent=7938"}],"curies":[{"name":"wp","href":"https:\/\/api.w.org\/{rel}","templated":true}]}}